{"id":102,"date":"2020-05-05T15:32:11","date_gmt":"2020-05-05T21:32:11","guid":{"rendered":"http:\/\/uiim.edu.mx\/MISE\/?page_id=102"},"modified":"2020-05-05T16:59:53","modified_gmt":"2020-05-05T22:59:53","slug":"objetivos","status":"publish","type":"page","link":"https:\/\/uiim.edu.mx\/MISE\/objetivos\/","title":{"rendered":"Objetivos"},"content":{"rendered":"\n<p>Proporcionar los conocimientos b\u00e1sicos para poder entender y tratar problemas relacionados con el aprovechamiento sustentable de la energ\u00eda a peque\u00f1a y mediana escala, en particular de las energ\u00edas renovables, dentro del campo de inter\u00e9s de cada participante; as\u00ed como generar los elementos que les permita encontrar alternativas o soluciones a los mismos, integrando al concepto de energ\u00eda los aspectos cient\u00edficos, t\u00e9cnicos, sociales, culturales, ambientales y econ\u00f3micos, que permitan la construcci\u00f3n de bienestar en diversas comunidades; esto, en el marco de tres l\u00edneas de especializaci\u00f3n: (a) Sistemas Energ\u00e9ticos Comunitarios (b) Ecotecnolog\u00edas y (c) Materiales Sostenibles.<\/p>\n\n\n\n<h3 class=\"has-text-align-left\"><strong>Objetivo en la L\u00ednea de Especializaci\u00f3n en Sistemas Energ\u00e9ticos Comunitarios<\/strong><\/h3>\n\n\n\n<p>Los estudiantes adquirir\u00e1n los conocimientos, habilidades y actitudes para identificar, analizar y proponer soluciones a los retos de la sostenibilidad en los entornos local, regional, nacional y global, relacionados con los Sistemas Energ\u00e9ticos Comunitarios como: el desarrollo de tecnolog\u00edas alternativas; la adaptaci\u00f3n e implementaci\u00f3n de tecnolog\u00edas alternativas en la regi\u00f3n de influencia. Privilegiando el aprovechamiento de las fuentes de energ\u00edas renovables, considerando las implicaciones sociales, ambientales, de producci\u00f3n y el uso eficiente de la energ\u00eda.<\/p>\n\n\n\n<h3><strong>Objetivo en la L\u00ednea de Especializaci\u00f3n en Ecotecnolog\u00edas<\/strong><\/h3>\n\n\n\n<p>Los estudiantes adquirir\u00e1n los conocimientos, habilidades y actitudes necesarios para identificar, analizar y proponer soluciones en los entornos local, regional, nacional y global, relacionados con Energ\u00eda, Agua, Vivienda, Sistemas Alimentarios y Sistemas Transversales; mediante las cuales busca promover el uso sustentable de los recursos naturales y nuevas tecnolog\u00edas.<\/p>\n\n\n\n<h3><strong>Objetivo en la L\u00ednea de Especializaci\u00f3n en Materiales Sostenibles<\/strong><\/h3>\n\n\n\n<p>Los estudiantes adquirir\u00e1n los conocimientos, habilidades y actitudes necesarios para identificar, estudiar propiedades, producci\u00f3n o extracci\u00f3n, procesamiento, uso y reciclaje de materiales sostenibles de materiales. Esto implica: Descripci\u00f3n, caracterizaci\u00f3n y modelado de propiedades de un material. Aspectos qu\u00edmicos, mec\u00e1nicos y de procesamiento t\u00e9rmico; composici\u00f3n qu\u00edmica y las condiciones de procesamiento en la estructura y propiedades de los materiales con vistas a un rendimiento \u00f3ptimo el comportamiento de los materiales en diferentes circunstancias del usuario y c\u00f3mo la degradaci\u00f3n puede ser limitada.<\/p>\n","protected":false},"excerpt":{"rendered":"<p>Proporcionar los conocimientos b\u00e1sicos para poder entender y tratar problemas relacionados con el aprovechamiento sustentable de la energ\u00eda a peque\u00f1a y mediana escala, en particular de las energ\u00edas renovables, dentro del campo de inter\u00e9s de cada participante; as\u00ed como generar los elementos que les permita encontrar alternativas o soluciones a los mismos, integrando al concepto &hellip; <\/p>\n<p class=\"link-more\"><a href=\"https:\/\/uiim.edu.mx\/MISE\/objetivos\/\" class=\"more-link\">Continuar leyendo<span class=\"screen-reader-text\"> \u00abObjetivos\u00bb<\/span><\/a><\/p>\n","protected":false},"author":1,"featured_media":0,"parent":0,"menu_order":0,"comment_status":"closed","ping_status":"closed","template":"","meta":[],"_links":{"self":[{"href":"https:\/\/uiim.edu.mx\/MISE\/wp-json\/wp\/v2\/pages\/102"}],"collection":[{"href":"https:\/\/uiim.edu.mx\/MISE\/wp-json\/wp\/v2\/pages"}],"about":[{"href":"https:\/\/uiim.edu.mx\/MISE\/wp-json\/wp\/v2\/types\/page"}],"author":[{"embeddable":true,"href":"https:\/\/uiim.edu.mx\/MISE\/wp-json\/wp\/v2\/users\/1"}],"replies":[{"embeddable":true,"href":"https:\/\/uiim.edu.mx\/MISE\/wp-json\/wp\/v2\/comments?post=102"}],"version-history":[{"count":4,"href":"https:\/\/uiim.edu.mx\/MISE\/wp-json\/wp\/v2\/pages\/102\/revisions"}],"predecessor-version":[{"id":143,"href":"https:\/\/uiim.edu.mx\/MISE\/wp-json\/wp\/v2\/pages\/102\/revisions\/143"}],"wp:attachment":[{"href":"https:\/\/uiim.edu.mx\/MISE\/wp-json\/wp\/v2\/media?parent=102"}],"curies":[{"name":"wp","href":"https:\/\/api.w.org\/{rel}","templated":true}]}}