{"id":106,"date":"2020-05-05T15:34:46","date_gmt":"2020-05-05T21:34:46","guid":{"rendered":"http:\/\/uiim.edu.mx\/MISE\/?page_id=106"},"modified":"2020-05-05T15:34:46","modified_gmt":"2020-05-05T21:34:46","slug":"lineas-de-generacion-y-aplicacion-del-conocimiento","status":"publish","type":"page","link":"https:\/\/uiim.edu.mx\/MISE\/lineas-de-generacion-y-aplicacion-del-conocimiento\/","title":{"rendered":"L\u00edneas de generaci\u00f3n y aplicaci\u00f3n del conocimiento"},"content":{"rendered":"","protected":false},"excerpt":{"rendered":"","protected":false},"author":1,"featured_media":0,"parent":0,"menu_order":0,"comment_status":"closed","ping_status":"closed","template":"","meta":[],"_links":{"self":[{"href":"https:\/\/uiim.edu.mx\/MISE\/wp-json\/wp\/v2\/pages\/106"}],"collection":[{"href":"https:\/\/uiim.edu.mx\/MISE\/wp-json\/wp\/v2\/pages"}],"about":[{"href":"https:\/\/uiim.edu.mx\/MISE\/wp-json\/wp\/v2\/types\/page"}],"author":[{"embeddable":true,"href":"https:\/\/uiim.edu.mx\/MISE\/wp-json\/wp\/v2\/users\/1"}],"replies":[{"embeddable":true,"href":"https:\/\/uiim.edu.mx\/MISE\/wp-json\/wp\/v2\/comments?post=106"}],"version-history":[{"count":1,"href":"https:\/\/uiim.edu.mx\/MISE\/wp-json\/wp\/v2\/pages\/106\/revisions"}],"predecessor-version":[{"id":107,"href":"https:\/\/uiim.edu.mx\/MISE\/wp-json\/wp\/v2\/pages\/106\/revisions\/107"}],"wp:attachment":[{"href":"https:\/\/uiim.edu.mx\/MISE\/wp-json\/wp\/v2\/media?parent=106"}],"curies":[{"name":"wp","href":"https:\/\/api.w.org\/{rel}","templated":true}]}}