{"id":180,"date":"2020-05-05T18:30:40","date_gmt":"2020-05-06T00:30:40","guid":{"rendered":"http:\/\/uiim.edu.mx\/MISE\/?page_id=180"},"modified":"2023-03-31T13:04:39","modified_gmt":"2023-03-31T19:04:39","slug":"convocatoria-vigente","status":"publish","type":"page","link":"https:\/\/uiim.edu.mx\/MISE\/convocatoria-vigente\/","title":{"rendered":"Convocatoria vigente 2023"},"content":{"rendered":"\n<h1 class=\"has-text-align-center\">MAESTR\u00cdA EN INGENIER\u00cdA PARA LA SOSTENIBILIDAD ENERG\u00c9TICA<\/h1>\n\n\n\n<hr class=\"wp-block-separator\"\/>\n\n\n\n<div style=\"height:40px\" aria-hidden=\"true\" class=\"wp-block-spacer\"><\/div>\n\n\n\n<p><strong>INICIO DE SEMESTRE:<\/strong> 28 DE AGOSTO DE 2023<\/p>\n\n\n\n<p>MODALIDAD: PRESENCIAL (HORARIO DE CLASES VESPERTINO (LUNES A VIERNES DE 4:00 P.M. A 8:00 P.M.) Inscripci\u00f3n al curso proped\u00e9utico a partir de la publicaci\u00f3n de esta convocatoria.<\/p>\n\n\n\n<h2 class=\"has-text-align-center\"><strong>COSTOS DEL POSGRADO<\/strong><\/h2>\n\n\n\n<p>Los aspirantes aceptados cubrir\u00e1n una cuota de inscripci\u00f3n por<\/p>\n\n\n\n<p>semestre de $8,000.00. (Aspirantes aceptados pueden aspirar a beca CONACyT).<\/p>\n\n\n\n<h2 class=\"has-text-align-center\"><strong>FECHAS IMPORTANTES<\/strong><\/h2>\n\n\n\n<p>\u2022 L\u00edmite de Recepci\u00f3n de documentos:<\/p>\n\n\n\n<p>&nbsp;6 de junio de 2023.<\/p>\n\n\n\n<p>\u2022 Ex\u00e1men psicom\u00e9trico aplicado por el SIITA: 14 de junio de 2023.<\/p>\n\n\n\n<p>\u2022 Curso proped\u00e9utico:<\/p>\n\n\n\n<p>&nbsp;Del 19 de junio al 07 de julio de 2023.<\/p>\n\n\n\n<p>\u2022 Entrevistacon el comit\u00e9 acad\u00e9mico:<\/p>\n\n\n\n<p>10 Y 11 de julio de 2023.<\/p>\n\n\n\n<p>\u2022 Publicaci\u00f3n de resultados:<\/p>\n\n\n\n<p>14 de julio de 2023.<\/p>\n\n\n\n<p>\u2022 Inscripci\u00f3n de aspirantes aceptados:<\/p>\n\n\n\n<p>21 al 25 de agosto de 2023.<\/p>\n\n\n\n<h2 class=\"has-text-align-center\"><strong>INFORMES Y TR\u00c1MITES<\/strong><\/h2>\n\n\n\n<p>\u2022 Entrega de documentos: Universidad Intercultural Ind\u00edgena de Michoac\u00e1n.<\/p>\n\n\n\n<p>\u2022 Direcci\u00f3n: Finca la Tzipekua, Km. 3, S\/No., Carretera P\u00e1tzcuaro \u2013 Erongar\u00edcuaro. Huecorio, municipio de&nbsp; P\u00e1tzcuaro, Michoac\u00e1n.<\/p>\n\n\n\n<p>\u2022 Horario de atenci\u00f3n: lunes a viernes de 10:00 a.m. a 2:00 p.m.<\/p>\n\n\n\n<p>\u2022 P\u00e1gina web: <a href=\"http:\/\/www.uiim.edu.mx\">www.uiim.edu.mx<\/a><\/p>\n\n\n\n<p>\u2022 Facebook: Universidad intercultural ind\u00edgena de Michoac\u00e1n \u2013 UIIM<\/p>\n\n\n\n<p>\u2022 Mayor informaci\u00f3n con la coordinadora del posgrado: Dra. Hermelinda Serv\u00edn Campuzano (<a href=\"mailto:coord.mise@uiim.edu.mx\">coord.mise@uiim.edu.mx<\/a>).<\/p>\n\n\n\n<p>\u2022 Whatsapp de atenci\u00f3n general: 443 379 17 12<\/p>\n\n\n\n<p>\u2022 Descarga <a href=\"http:\/\/uiim.edu.mx\/MISE\/wp-content\/uploads\/2023\/03\/cartel-mise-1.pdf\" target=\"_blank\" rel=\"noreferrer noopener\">aqu\u00ed<\/a> la convocatoria<\/p>\n\n\n\n<hr class=\"wp-block-separator aligncenter\"\/>\n\n\n\n<div class=\"wp-block-image\"><figure class=\"aligncenter size-medium\"><img loading=\"lazy\" width=\"300\" height=\"256\" src=\"https:\/\/uiim.edu.mx\/MISE\/wp-content\/uploads\/2023\/03\/Logotipo_de_la_CONACYT-1-300x256.png\" alt=\"\" class=\"wp-image-251\" srcset=\"https:\/\/uiim.edu.mx\/MISE\/wp-content\/uploads\/2023\/03\/Logotipo_de_la_CONACYT-1-300x256.png 300w, https:\/\/uiim.edu.mx\/MISE\/wp-content\/uploads\/2023\/03\/Logotipo_de_la_CONACYT-1-1024x875.png 1024w, https:\/\/uiim.edu.mx\/MISE\/wp-content\/uploads\/2023\/03\/Logotipo_de_la_CONACYT-1-768x656.png 768w, https:\/\/uiim.edu.mx\/MISE\/wp-content\/uploads\/2023\/03\/Logotipo_de_la_CONACYT-1-1536x1313.png 1536w, https:\/\/uiim.edu.mx\/MISE\/wp-content\/uploads\/2023\/03\/Logotipo_de_la_CONACYT-1-2048x1751.png 2048w\" sizes=\"(max-width: 300px) 100vw, 300px\" \/><\/figure><\/div>\n","protected":false},"excerpt":{"rendered":"<p>MAESTR\u00cdA EN INGENIER\u00cdA PARA LA SOSTENIBILIDAD ENERG\u00c9TICA INICIO DE SEMESTRE: 28 DE AGOSTO DE 2023 MODALIDAD: PRESENCIAL (HORARIO DE CLASES VESPERTINO (LUNES A VIERNES DE 4:00 P.M. A 8:00 P.M.) Inscripci\u00f3n al curso proped\u00e9utico a partir de la publicaci\u00f3n de esta convocatoria. COSTOS DEL POSGRADO Los aspirantes aceptados cubrir\u00e1n una cuota de inscripci\u00f3n por semestre &hellip; <\/p>\n<p class=\"link-more\"><a href=\"https:\/\/uiim.edu.mx\/MISE\/convocatoria-vigente\/\" class=\"more-link\">Continuar leyendo<span class=\"screen-reader-text\"> \u00abConvocatoria vigente 2023\u00bb<\/span><\/a><\/p>\n","protected":false},"author":1,"featured_media":0,"parent":0,"menu_order":0,"comment_status":"closed","ping_status":"closed","template":"","meta":[],"_links":{"self":[{"href":"https:\/\/uiim.edu.mx\/MISE\/wp-json\/wp\/v2\/pages\/180"}],"collection":[{"href":"https:\/\/uiim.edu.mx\/MISE\/wp-json\/wp\/v2\/pages"}],"about":[{"href":"https:\/\/uiim.edu.mx\/MISE\/wp-json\/wp\/v2\/types\/page"}],"author":[{"embeddable":true,"href":"https:\/\/uiim.edu.mx\/MISE\/wp-json\/wp\/v2\/users\/1"}],"replies":[{"embeddable":true,"href":"https:\/\/uiim.edu.mx\/MISE\/wp-json\/wp\/v2\/comments?post=180"}],"version-history":[{"count":24,"href":"https:\/\/uiim.edu.mx\/MISE\/wp-json\/wp\/v2\/pages\/180\/revisions"}],"predecessor-version":[{"id":314,"href":"https:\/\/uiim.edu.mx\/MISE\/wp-json\/wp\/v2\/pages\/180\/revisions\/314"}],"wp:attachment":[{"href":"https:\/\/uiim.edu.mx\/MISE\/wp-json\/wp\/v2\/media?parent=180"}],"curies":[{"name":"wp","href":"https:\/\/api.w.org\/{rel}","templated":true}]}}