{"id":108,"date":"2022-07-14T12:40:25","date_gmt":"2022-07-14T18:40:25","guid":{"rendered":"https:\/\/uiim.edu.mx\/dcsi\/?page_id=108"},"modified":"2022-09-05T09:37:05","modified_gmt":"2022-09-05T15:37:05","slug":"publicaciones-relevantes","status":"publish","type":"page","link":"https:\/\/uiim.edu.mx\/dcsi\/?page_id=108","title":{"rendered":"Publicaciones Relevantes"},"content":{"rendered":"\n<ul><li><a rel=\"noreferrer noopener\" href=\"https:\/\/uiim.edu.mx\/dcsi\/wp-content\/uploads\/2022\/07\/BFH-2010.pdf\" target=\"_blank\">BFH-2010.pdf<\/a><\/li><li><a rel=\"noreferrer noopener\" href=\"https:\/\/uiim.edu.mx\/dcsi\/wp-content\/uploads\/2022\/07\/BFH-2018-a.pdf\" target=\"_blank\">BFH-2018-a.pdf<\/a><\/li><li><a rel=\"noreferrer noopener\" href=\"https:\/\/uiim.edu.mx\/dcsi\/wp-content\/uploads\/2022\/07\/BFH-2018b.pdf\" target=\"_blank\">BFH-2018b.pdf<\/a><\/li><li><a rel=\"noreferrer noopener\" href=\"https:\/\/uiim.edu.mx\/dcsi\/wp-content\/uploads\/2022\/07\/BFH-2019.pdf\" target=\"_blank\">BFH-2019.pdf<\/a><\/li><li><a rel=\"noreferrer noopener\" href=\"https:\/\/uiim.edu.mx\/dcsi\/wp-content\/uploads\/2022\/07\/EMGI-2021.pdf\" target=\"_blank\">EMGI-2021.pdf<\/a><\/li><li><a rel=\"noreferrer noopener\" href=\"https:\/\/uiim.edu.mx\/dcsi\/wp-content\/uploads\/2022\/07\/LBLS-2020.pdf\" target=\"_blank\">LBLS-2020.pdf<\/a><\/li><li><a rel=\"noreferrer noopener\" href=\"https:\/\/uiim.edu.mx\/dcsi\/wp-content\/uploads\/2022\/07\/LBLS-MGA-2020.pdf\" target=\"_blank\">LBLS-MGA-2020.pdf<\/a><\/li><li><a rel=\"noreferrer noopener\" href=\"https:\/\/uiim.edu.mx\/dcsi\/wp-content\/uploads\/2022\/07\/SLHT-2018.pdf\" target=\"_blank\">SLHT-2018.pdf<\/a><\/li><li><a rel=\"noreferrer noopener\" href=\"https:\/\/uiim.edu.mx\/dcsi\/wp-content\/uploads\/2022\/07\/SLHT-2019.pdf\" target=\"_blank\">SLHT-2019.pdf<\/a><\/li><li><a rel=\"noreferrer noopener\" href=\"https:\/\/uiim.edu.mx\/dcsi\/wp-content\/uploads\/2022\/07\/SLHT-2021-B.pdf\" target=\"_blank\">SLHT-2021-B.pdf<\/a><\/li><li><a rel=\"noreferrer noopener\" href=\"https:\/\/uiim.edu.mx\/dcsi\/wp-content\/uploads\/2022\/07\/SLHT-2021.pdf\" target=\"_blank\">SLHT-2021.pd<\/a>f<\/li><li><a rel=\"noreferrer noopener\" href=\"https:\/\/uiim.edu.mx\/dcsi\/wp-content\/uploads\/2022\/07\/EMGI202021-comprimido.pdf\" target=\"_blank\">EMGI202021.pdf<\/a><\/li><li><a rel=\"noreferrer noopener\" href=\"https:\/\/uiim.edu.mx\/dcsi\/wp-content\/uploads\/2022\/09\/1-Gui\u0301a_Hongos_Sevina_Michoaca\u0301n-Me\u0301xico.pdf\" target=\"_blank\">GU\u00cdA HONGOS SEVINA MICHOAC\u00c1N M\u00c9XICO<\/a><\/li><li><a href=\"https:\/\/uiim.edu.mx\/dcsi\/wp-content\/uploads\/2022\/09\/1-GUIA-IDENTIFICACIO\u0301N-HONGOS-TINGAMBATO.pdf\" target=\"_blank\" rel=\"noreferrer noopener\">GU\u00cdA IDENTIFICACIO\u0301N HONGOS TINGAMBATO<\/a><\/li><\/ul>\n\n\n\n<p><\/p>\n","protected":false},"excerpt":{"rendered":"<p>BFH-2010.pdf BFH-2018-a.pdf BFH-2018b.pdf BFH-2019.pdf EMGI-2021.pdf LBLS-2020.pdf LBLS-MGA-2020.pdf SLHT-2018.pdf SLHT-2019.pdf SLHT-2021-B.pdf SLHT-2021.pdf EMGI202021.pdf GU\u00cdA HONGOS SEVINA MICHOAC\u00c1N M\u00c9XICO GU\u00cdA IDENTIFICACIO\u0301N HONGOS TINGAMBATO<\/p>\n","protected":false},"author":1,"featured_media":0,"parent":0,"menu_order":0,"comment_status":"closed","ping_status":"closed","template":"","meta":[],"_links":{"self":[{"href":"https:\/\/uiim.edu.mx\/dcsi\/index.php?rest_route=\/wp\/v2\/pages\/108"}],"collection":[{"href":"https:\/\/uiim.edu.mx\/dcsi\/index.php?rest_route=\/wp\/v2\/pages"}],"about":[{"href":"https:\/\/uiim.edu.mx\/dcsi\/index.php?rest_route=\/wp\/v2\/types\/page"}],"author":[{"embeddable":true,"href":"https:\/\/uiim.edu.mx\/dcsi\/index.php?rest_route=\/wp\/v2\/users\/1"}],"replies":[{"embeddable":true,"href":"https:\/\/uiim.edu.mx\/dcsi\/index.php?rest_route=%2Fwp%2Fv2%2Fcomments&post=108"}],"version-history":[{"count":5,"href":"https:\/\/uiim.edu.mx\/dcsi\/index.php?rest_route=\/wp\/v2\/pages\/108\/revisions"}],"predecessor-version":[{"id":136,"href":"https:\/\/uiim.edu.mx\/dcsi\/index.php?rest_route=\/wp\/v2\/pages\/108\/revisions\/136"}],"wp:attachment":[{"href":"https:\/\/uiim.edu.mx\/dcsi\/index.php?rest_route=%2Fwp%2Fv2%2Fmedia&parent=108"}],"curies":[{"name":"wp","href":"https:\/\/api.w.org\/{rel}","templated":true}]}}