{"id":36,"date":"2022-06-10T13:05:18","date_gmt":"2022-06-10T19:05:18","guid":{"rendered":"https:\/\/uiim.edu.mx\/dcsi\/?page_id=36"},"modified":"2022-06-10T13:07:52","modified_gmt":"2022-06-10T19:07:52","slug":"perfil-de-egresados","status":"publish","type":"page","link":"https:\/\/uiim.edu.mx\/dcsi\/?page_id=36","title":{"rendered":"Perfil de Ingreso"},"content":{"rendered":"\n<p>Los aspirantes deben contar una formaci\u00f3n profesional de licenciatura y maestr\u00eda en ciencias tecnol\u00f3gicas e ingenier\u00eda, en ciencias f\u00edsico-matem\u00e1ticas, en ciencias biol\u00f3gicas incluidas las ciencias de la vida, y ciencias ambientales, en ciencias de la agricultura, agropecuarias, forestales y de ecosistemas, agroecolog\u00eda, en humanidades y ciencias sociales.<\/p>\n\n\n\n<p>El aspirante debe tener inter\u00e9s y conocimientos generales sobre las ciencias para la sostenibilidad, los sistemas socioecol\u00f3gicos, la transdisciplina, la interculturalidad, la innovaci\u00f3n tecnol\u00f3gica.<\/p>\n\n\n\n<p>Deben ser profesionistas con capacidades de comunicaci\u00f3n oral y escrita en espa\u00f1ol e idealmente alguna lengua ind\u00edgena, con capacidad en la compresi\u00f3n de textos cient\u00edficos y t\u00e9cnicos en idioma ingl\u00e9s. Con habilidades para trabajar en equipos multidisciplinarios, para desarrollar investigaciones cient\u00edficas relevantes e innovadoras, con habilidades para dise\u00f1ar posibles soluciones de problem\u00e1ticas de sistemas socioecol\u00f3gicos en sus diversos \u00e1mbitos como sociales, culturales, econ\u00f3micos y ecol\u00f3gicos, encaminados a la sostenibilidad de sistemas socioecol\u00f3gicos, hacia la transici\u00f3n energ\u00e9tica y tecnol\u00f3gica, a fortalecer la interculturalidad y saberes tradicionales, hacia la gobernanza y Sostenibilidad Social.<\/p>\n","protected":false},"excerpt":{"rendered":"<p>Los aspirantes deben contar una formaci\u00f3n profesional de licenciatura y maestr\u00eda en ciencias tecnol\u00f3gicas e ingenier\u00eda, en ciencias f\u00edsico-matem\u00e1ticas, en ciencias biol\u00f3gicas incluidas las ciencias de la vida, y ciencias ambientales, en ciencias de la agricultura, agropecuarias, forestales y de ecosistemas, agroecolog\u00eda, en humanidades y ciencias sociales. El aspirante debe tener inter\u00e9s y conocimientos generales &hellip; <\/p>\n<p class=\"link-more\"><a href=\"https:\/\/uiim.edu.mx\/dcsi\/?page_id=36\" class=\"more-link\">Continuar leyendo<span class=\"screen-reader-text\"> \u00abPerfil de Ingreso\u00bb<\/span><\/a><\/p>\n","protected":false},"author":1,"featured_media":0,"parent":0,"menu_order":0,"comment_status":"closed","ping_status":"closed","template":"","meta":[],"_links":{"self":[{"href":"https:\/\/uiim.edu.mx\/dcsi\/index.php?rest_route=\/wp\/v2\/pages\/36"}],"collection":[{"href":"https:\/\/uiim.edu.mx\/dcsi\/index.php?rest_route=\/wp\/v2\/pages"}],"about":[{"href":"https:\/\/uiim.edu.mx\/dcsi\/index.php?rest_route=\/wp\/v2\/types\/page"}],"author":[{"embeddable":true,"href":"https:\/\/uiim.edu.mx\/dcsi\/index.php?rest_route=\/wp\/v2\/users\/1"}],"replies":[{"embeddable":true,"href":"https:\/\/uiim.edu.mx\/dcsi\/index.php?rest_route=%2Fwp%2Fv2%2Fcomments&post=36"}],"version-history":[{"count":3,"href":"https:\/\/uiim.edu.mx\/dcsi\/index.php?rest_route=\/wp\/v2\/pages\/36\/revisions"}],"predecessor-version":[{"id":40,"href":"https:\/\/uiim.edu.mx\/dcsi\/index.php?rest_route=\/wp\/v2\/pages\/36\/revisions\/40"}],"wp:attachment":[{"href":"https:\/\/uiim.edu.mx\/dcsi\/index.php?rest_route=%2Fwp%2Fv2%2Fmedia&parent=36"}],"curies":[{"name":"wp","href":"https:\/\/api.w.org\/{rel}","templated":true}]}}