{"id":47,"date":"2022-06-10T13:13:56","date_gmt":"2022-06-10T19:13:56","guid":{"rendered":"https:\/\/uiim.edu.mx\/dcsi\/?page_id=47"},"modified":"2022-06-10T13:13:56","modified_gmt":"2022-06-10T19:13:56","slug":"estructura-del-plan-de-estudios","status":"publish","type":"page","link":"https:\/\/uiim.edu.mx\/dcsi\/?page_id=47","title":{"rendered":"Estructura del plan de Estudios"},"content":{"rendered":"\n<p>El proceso formativo del doctorado se basa principalmente en el desarrollo de la investigaci\u00f3n comunitaria y experimental aplicada hacia la sostenibilidad de sistemas socioecol\u00f3gicos, hacia la transici\u00f3n energ\u00e9tica y tecnol\u00f3gica, a fortalecer la interculturalidad y saberes tradicionales, hacia la gobernanza y Sostenibilidad Social. Al primer semestre se establece un plan de trabajo por parte del estudiante con visto bueno de su comit\u00e9 tutorial, que incluye las actividades acad\u00e9micas y de investigaci\u00f3n para todo su proceso formativo; que incluye la realizaci\u00f3n de seminarios de titulaci\u00f3n, escritura de tesis y elaboraci\u00f3n de productos acad\u00e9micos.<\/p>\n\n\n\n<p>El plan de trabajo se debe desarrollar en ocho semestres, cubriendo la totalidad de actividades acad\u00e9micas y de investigaci\u00f3n establecidas en el plan de estudios. Durante el s\u00e9ptimo semestre el alumno deber\u00e1 haber publicado o tener en estatus de aceptado o registrado su producto acad\u00e9mico, y durante el octavo concluir la redacci\u00f3n de la tesis para su defensa ante el jurado asignado.<\/p>\n\n\n\n<p>Los estudiantes deber\u00e1n concluir su investigaci\u00f3n de tesis y haber cubierto los requisitos establecidos en el plan de estudios, para obtener el grado de Doctor(a) en Ciencias para la Sostenibilidad e Interculturalidad durante el octavo semestre.<\/p>\n","protected":false},"excerpt":{"rendered":"<p>El proceso formativo del doctorado se basa principalmente en el desarrollo de la investigaci\u00f3n comunitaria y experimental aplicada hacia la sostenibilidad de sistemas socioecol\u00f3gicos, hacia la transici\u00f3n energ\u00e9tica y tecnol\u00f3gica, a fortalecer la interculturalidad y saberes tradicionales, hacia la gobernanza y Sostenibilidad Social. Al primer semestre se establece un plan de trabajo por parte del &hellip; <\/p>\n<p class=\"link-more\"><a href=\"https:\/\/uiim.edu.mx\/dcsi\/?page_id=47\" class=\"more-link\">Continuar leyendo<span class=\"screen-reader-text\"> \u00abEstructura del plan de Estudios\u00bb<\/span><\/a><\/p>\n","protected":false},"author":1,"featured_media":0,"parent":0,"menu_order":0,"comment_status":"closed","ping_status":"closed","template":"","meta":[],"_links":{"self":[{"href":"https:\/\/uiim.edu.mx\/dcsi\/index.php?rest_route=\/wp\/v2\/pages\/47"}],"collection":[{"href":"https:\/\/uiim.edu.mx\/dcsi\/index.php?rest_route=\/wp\/v2\/pages"}],"about":[{"href":"https:\/\/uiim.edu.mx\/dcsi\/index.php?rest_route=\/wp\/v2\/types\/page"}],"author":[{"embeddable":true,"href":"https:\/\/uiim.edu.mx\/dcsi\/index.php?rest_route=\/wp\/v2\/users\/1"}],"replies":[{"embeddable":true,"href":"https:\/\/uiim.edu.mx\/dcsi\/index.php?rest_route=%2Fwp%2Fv2%2Fcomments&post=47"}],"version-history":[{"count":1,"href":"https:\/\/uiim.edu.mx\/dcsi\/index.php?rest_route=\/wp\/v2\/pages\/47\/revisions"}],"predecessor-version":[{"id":48,"href":"https:\/\/uiim.edu.mx\/dcsi\/index.php?rest_route=\/wp\/v2\/pages\/47\/revisions\/48"}],"wp:attachment":[{"href":"https:\/\/uiim.edu.mx\/dcsi\/index.php?rest_route=%2Fwp%2Fv2%2Fmedia&parent=47"}],"curies":[{"name":"wp","href":"https:\/\/api.w.org\/{rel}","templated":true}]}}