{"id":76,"date":"2022-06-13T12:03:51","date_gmt":"2022-06-13T18:03:51","guid":{"rendered":"https:\/\/uiim.edu.mx\/dcsi\/?page_id=76"},"modified":"2022-06-13T12:27:54","modified_gmt":"2022-06-13T18:27:54","slug":"requisitos-de-ingreso%ef%bf%bc%ef%bf%bc%ef%bf%bc%ef%bf%bc","status":"publish","type":"page","link":"https:\/\/uiim.edu.mx\/dcsi\/?page_id=76","title":{"rendered":"Requisitos de Ingreso"},"content":{"rendered":"\n<p><strong>Requisitos de ingreso al Doctorado en Ciencias para la Sostenibilidad e Interculturalidad<\/strong><\/p>\n\n\n\n<p><strong>1.<\/strong> Tener como antecedentes acad\u00e9micos los t\u00edtulos de licenciatura y maestr\u00eda. El aspirante deber\u00e1 estar titulado de la maestr\u00eda al momento del cierre de la convocatoria. Se requiere presentar t\u00edtulo y c\u00e9dula profesional de licenciatura y maestr\u00eda, o comprobante del tr\u00e1mite de maestr\u00eda.<\/p>\n\n\n\n<p><strong>2<\/strong>. Tener promedio m\u00ednimo de 8 o equivalente en la Maestr\u00eda.<\/p>\n\n\n\n<p><strong>3.<\/strong> Presentar una propuesta de investigaci\u00f3n cient\u00edfica aplicada acorde a las l\u00edneas de generaci\u00f3n y aplicaci\u00f3n del conocimiento del doctorado; que incluya t\u00edtulo, introducci\u00f3n, justificaci\u00f3n, preguntas de investigaci\u00f3n, hip\u00f3tesis, objetivos, marco te\u00f3rico-conceptual, m\u00e9todos y t\u00e9cnicas de investigaci\u00f3n, justificaci\u00f3n de la propuesta, bibliograf\u00eda, cronograma de actividades y productos acordes a los tiempos y actividades acad\u00e9micas del plan de estudios del doctorado (m\u00e1ximo 15 cuartillas).<\/p>\n\n\n\n<p><strong>4<\/strong>. Curr\u00edculo de vida en extenso del aspirante, con documentos probatorios.<\/p>\n\n\n\n<p><strong>5<\/strong>. Carta compromiso exponiendo que cuenta con las condiciones de disponibilidad de tiempo para desarrollar y concluir los estudios de posgrado en los tiempos establecidos en el plan de estudios.<\/p>\n\n\n\n<p><strong>6<\/strong>. Dos cartas de recomendaci\u00f3n en formato libre de profesionistas que cuenten con grado acad\u00e9mico de doctorado, con experiencia acad\u00e9mica y de investigaci\u00f3n en las l\u00edneas de investigaci\u00f3n y \u00e1reas del conocimiento del posgrado. Estas cartas se entregar\u00e1n en sobre cerrado.<\/p>\n\n\n\n<p><strong>7. <\/strong>Carta de exposici\u00f3n de motivos para el ingreso al doctorado, sustentada en aspectos acad\u00e9micos y profesionales, explicando la pertinencia de la propuesta de investigaci\u00f3n cient\u00edfica aplicada que pretende desarrollar con respecto al plan de estudios del doctorado. <strong>8. <\/strong>Constancia del resultado del examen de dominio del idioma ingles TOEFL con 450 puntos como m\u00ednimo.<\/p>\n\n\n\n<p><strong>9<\/strong>. Constancia de acreditaci\u00f3n del Examen Nacional de Ingreso al Posgrado (EXANI III-CENEVAL) con puntaje m\u00ednimo de 1000.<\/p>\n\n\n\n<p><strong>10<\/strong>. Carta de liberaci\u00f3n de conclusi\u00f3n beca CONACYT<\/p>\n\n\n\n<p><strong>11. <\/strong>Obtener la aceptaci\u00f3n del comit\u00e9 de admisi\u00f3n al doctorado por medio de una entrevista donde presenta su propuesta de investigaci\u00f3n cient\u00edfica aplicada, con base en la cual se eval\u00faa su capacidad para plantear e interpretar problemas de investigaci\u00f3n original, relevante, pertinente y el dise\u00f1o de estrategias resolutivas.<\/p>\n","protected":false},"excerpt":{"rendered":"<p>Requisitos de ingreso al Doctorado en Ciencias para la Sostenibilidad e Interculturalidad 1. Tener como antecedentes acad\u00e9micos los t\u00edtulos de licenciatura y maestr\u00eda. El aspirante deber\u00e1 estar titulado de la maestr\u00eda al momento del cierre de la convocatoria. Se requiere presentar t\u00edtulo y c\u00e9dula profesional de licenciatura y maestr\u00eda, o comprobante del tr\u00e1mite de maestr\u00eda. &hellip; <\/p>\n<p class=\"link-more\"><a href=\"https:\/\/uiim.edu.mx\/dcsi\/?page_id=76\" class=\"more-link\">Continuar leyendo<span class=\"screen-reader-text\"> \u00abRequisitos de Ingreso\u00bb<\/span><\/a><\/p>\n","protected":false},"author":1,"featured_media":0,"parent":0,"menu_order":0,"comment_status":"closed","ping_status":"closed","template":"","meta":[],"_links":{"self":[{"href":"https:\/\/uiim.edu.mx\/dcsi\/index.php?rest_route=\/wp\/v2\/pages\/76"}],"collection":[{"href":"https:\/\/uiim.edu.mx\/dcsi\/index.php?rest_route=\/wp\/v2\/pages"}],"about":[{"href":"https:\/\/uiim.edu.mx\/dcsi\/index.php?rest_route=\/wp\/v2\/types\/page"}],"author":[{"embeddable":true,"href":"https:\/\/uiim.edu.mx\/dcsi\/index.php?rest_route=\/wp\/v2\/users\/1"}],"replies":[{"embeddable":true,"href":"https:\/\/uiim.edu.mx\/dcsi\/index.php?rest_route=%2Fwp%2Fv2%2Fcomments&post=76"}],"version-history":[{"count":3,"href":"https:\/\/uiim.edu.mx\/dcsi\/index.php?rest_route=\/wp\/v2\/pages\/76\/revisions"}],"predecessor-version":[{"id":87,"href":"https:\/\/uiim.edu.mx\/dcsi\/index.php?rest_route=\/wp\/v2\/pages\/76\/revisions\/87"}],"wp:attachment":[{"href":"https:\/\/uiim.edu.mx\/dcsi\/index.php?rest_route=%2Fwp%2Fv2%2Fmedia&parent=76"}],"curies":[{"name":"wp","href":"https:\/\/api.w.org\/{rel}","templated":true}]}}