{"id":10,"date":"2020-06-16T19:56:06","date_gmt":"2020-06-16T19:56:06","guid":{"rendered":"https:\/\/uiim.edu.mx\/?page_id=10"},"modified":"2025-10-07T19:49:29","modified_gmt":"2025-10-07T19:49:29","slug":"quienes-somos","status":"publish","type":"page","link":"https:\/\/uiim.edu.mx\/?page_id=10","title":{"rendered":"\u00bfQui\u00e9nes Somos?-1"},"content":{"rendered":"\t\t<div data-elementor-type=\"wp-page\" data-elementor-id=\"10\" class=\"elementor elementor-10\" data-elementor-post-type=\"page\">\n\t\t\t\t\t\t<section class=\"elementor-section elementor-top-section elementor-element elementor-element-52b77a3 elementor-section-boxed elementor-section-height-default elementor-section-height-default elementor-invisible\" data-id=\"52b77a3\" data-element_type=\"section\" data-e-type=\"section\" data-settings=\"{&quot;animation&quot;:&quot;fadeInRight&quot;}\">\n\t\t\t\t\t\t<div class=\"elementor-container elementor-column-gap-default\">\n\t\t\t\t\t<div class=\"elementor-column elementor-col-100 elementor-top-column elementor-element elementor-element-0693e6d\" data-id=\"0693e6d\" data-element_type=\"column\" data-e-type=\"column\">\n\t\t\t<div class=\"elementor-widget-wrap elementor-element-populated\">\n\t\t\t\t\t\t<div class=\"elementor-element elementor-element-ef6aad7 elementor-widget elementor-widget-heading\" data-id=\"ef6aad7\" data-element_type=\"widget\" data-e-type=\"widget\" data-widget_type=\"heading.default\">\n\t\t\t\t<div class=\"elementor-widget-container\">\n\t\t\t\t\t<h2 class=\"elementor-heading-title elementor-size-xxl\">\u00bfQui\u00e9nes Somos?<\/h2>\t\t\t\t<\/div>\n\t\t\t\t<\/div>\n\t\t\t\t\t<\/div>\n\t\t<\/div>\n\t\t\t\t\t<\/div>\n\t\t<\/section>\n\t\t\t\t<section class=\"elementor-section elementor-top-section elementor-element elementor-element-776cd8c elementor-section-boxed elementor-section-height-default elementor-section-height-default\" data-id=\"776cd8c\" data-element_type=\"section\" data-e-type=\"section\">\n\t\t\t\t\t\t<div class=\"elementor-container elementor-column-gap-default\">\n\t\t\t\t\t<div class=\"elementor-column elementor-col-100 elementor-top-column elementor-element elementor-element-4bab8ab\" data-id=\"4bab8ab\" data-element_type=\"column\" data-e-type=\"column\">\n\t\t\t<div class=\"elementor-widget-wrap elementor-element-populated\">\n\t\t\t\t\t\t<div class=\"elementor-element elementor-element-11957e7 elementor-widget elementor-widget-image\" data-id=\"11957e7\" data-element_type=\"widget\" data-e-type=\"widget\" data-widget_type=\"image.default\">\n\t\t\t\t<div class=\"elementor-widget-container\">\n\t\t\t\t\t\t\t\t\t\t\t\t\t\t\t<img fetchpriority=\"high\" decoding=\"async\" width=\"1024\" height=\"577\" src=\"https:\/\/uiim.edu.mx\/wp-content\/uploads\/2025\/06\/EquipoUIIM-1024x577.jpg\" class=\"attachment-large size-large wp-image-7152\" alt=\"\" srcset=\"https:\/\/uiim.edu.mx\/wp-content\/uploads\/2025\/06\/EquipoUIIM-1024x577.jpg 1024w, https:\/\/uiim.edu.mx\/wp-content\/uploads\/2025\/06\/EquipoUIIM-300x169.jpg 300w, https:\/\/uiim.edu.mx\/wp-content\/uploads\/2025\/06\/EquipoUIIM-768x433.jpg 768w, https:\/\/uiim.edu.mx\/wp-content\/uploads\/2025\/06\/EquipoUIIM-1536x865.jpg 1536w, https:\/\/uiim.edu.mx\/wp-content\/uploads\/2025\/06\/EquipoUIIM-2048x1154.jpg 2048w\" sizes=\"(max-width: 1024px) 100vw, 1024px\" \/>\t\t\t\t\t\t\t\t\t\t\t\t\t\t\t<\/div>\n\t\t\t\t<\/div>\n\t\t\t\t\t<\/div>\n\t\t<\/div>\n\t\t\t\t\t<\/div>\n\t\t<\/section>\n\t\t\t\t<section class=\"elementor-section elementor-top-section elementor-element elementor-element-7b8b012 elementor-section-boxed elementor-section-height-default elementor-section-height-default elementor-invisible\" data-id=\"7b8b012\" data-element_type=\"section\" data-e-type=\"section\" data-settings=\"{&quot;animation&quot;:&quot;fadeInRight&quot;}\">\n\t\t\t\t\t\t<div class=\"elementor-container elementor-column-gap-default\">\n\t\t\t\t\t<div class=\"elementor-column elementor-col-100 elementor-top-column elementor-element elementor-element-f21aacc\" data-id=\"f21aacc\" data-element_type=\"column\" data-e-type=\"column\">\n\t\t\t<div class=\"elementor-widget-wrap elementor-element-populated\">\n\t\t\t\t\t\t<div class=\"elementor-element elementor-element-3fdb4f6 elementor-widget elementor-widget-text-editor\" data-id=\"3fdb4f6\" data-element_type=\"widget\" data-e-type=\"widget\" data-widget_type=\"text-editor.default\">\n\t\t\t\t<div class=\"elementor-widget-container\">\n\t\t\t\t\t\t\t\t\t<p><strong>La UIIM fue creada por decreto de justicia. Su Acta de Nacimiento recoge las hist\u00f3ricas demandas que pueblos y movimientos ind\u00edgenas han hecho en materia educativa.<\/strong><\/p><p><strong>El decreto establece una UIIM con programas educativos de alta calidad. Con una educaci\u00f3n que revitalice las lenguas ind\u00edgenas, de modo que se fomente el di\u00e1logo intercultural, respetando la diversidad. Por eso necesita acad\u00e9micos y estudiantes cr\u00edticos, de actitud cient\u00edfica, responsable y solidaria. Por ello se halla obligada a difundir nuestras culturas, a ser una UIIM que trascienda de contenido el f\u00e1cil discurso de la interculturalidad y que contribuya a la libre determinaci\u00f3n de nuestros pueblos, y a dar un giro libertador a la historia de conquista, colonizaci\u00f3n, exclusi\u00f3n, asimilaci\u00f3n, integraci\u00f3n.<\/strong><\/p><p><strong>La clave de Nuestra Instituci\u00f3n ante la Secretar\u00eda de Educaci\u00f3n P\u00fablica es: 160220<\/strong><\/p>\t\t\t\t\t\t\t\t<\/div>\n\t\t\t\t<\/div>\n\t\t\t\t\t<\/div>\n\t\t<\/div>\n\t\t\t\t\t<\/div>\n\t\t<\/section>\n\t\t\t\t<section class=\"elementor-section elementor-top-section elementor-element elementor-element-c966c39 elementor-section-boxed elementor-section-height-default elementor-section-height-default elementor-invisible\" data-id=\"c966c39\" data-element_type=\"section\" data-e-type=\"section\" data-settings=\"{&quot;animation&quot;:&quot;fadeInRight&quot;}\">\n\t\t\t\t\t\t<div class=\"elementor-container elementor-column-gap-default\">\n\t\t\t\t\t<div class=\"elementor-column elementor-col-100 elementor-top-column elementor-element elementor-element-aefbf6e\" data-id=\"aefbf6e\" data-element_type=\"column\" data-e-type=\"column\">\n\t\t\t<div class=\"elementor-widget-wrap elementor-element-populated\">\n\t\t\t\t\t\t<div class=\"elementor-element elementor-element-b61fd7a elementor-widget elementor-widget-heading\" data-id=\"b61fd7a\" data-element_type=\"widget\" data-e-type=\"widget\" data-widget_type=\"heading.default\">\n\t\t\t\t<div class=\"elementor-widget-container\">\n\t\t\t\t\t<h2 class=\"elementor-heading-title elementor-size-xl\">Misi\u00f3n<\/h2>\t\t\t\t<\/div>\n\t\t\t\t<\/div>\n\t\t\t\t\t<\/div>\n\t\t<\/div>\n\t\t\t\t\t<\/div>\n\t\t<\/section>\n\t\t\t\t<section class=\"elementor-section elementor-top-section elementor-element elementor-element-17355d6 elementor-section-boxed elementor-section-height-default elementor-section-height-default elementor-invisible\" data-id=\"17355d6\" data-element_type=\"section\" data-e-type=\"section\" data-settings=\"{&quot;animation&quot;:&quot;fadeInRight&quot;}\">\n\t\t\t\t\t\t<div class=\"elementor-container elementor-column-gap-default\">\n\t\t\t\t\t<div class=\"elementor-column elementor-col-100 elementor-top-column elementor-element elementor-element-81c47d2\" data-id=\"81c47d2\" data-element_type=\"column\" data-e-type=\"column\">\n\t\t\t<div class=\"elementor-widget-wrap elementor-element-populated\">\n\t\t\t\t\t\t<div class=\"elementor-element elementor-element-f5ee2ec elementor-widget elementor-widget-text-editor\" data-id=\"f5ee2ec\" data-element_type=\"widget\" data-e-type=\"widget\" data-widget_type=\"text-editor.default\">\n\t\t\t\t<div class=\"elementor-widget-container\">\n\t\t\t\t\t\t\t\t\t<p><strong>Brindar una educaci\u00f3n apropiada a las culturas de sus estudiantes formando\u00a0profesionistas competentes y \u00e9ticos\u00a0a trav\u00e9s de programas con un s\u00f3lido curr\u00edculo interdisciplinario,\u00a0comprometidos con el desarrollo econ\u00f3mico y cultural de las comunidades ind\u00edgenas de la regi\u00f3n,\u00a0el estado\u00a0de Michoac\u00e1n\u00a0y el pa\u00eds, cuyas actividades\u00a0vinculatorias contribuyan a promover un proceso de revaloraci\u00f3n y revitalizaci\u00f3n de\u00a0las lenguas y\u00a0culturas\u00a0originarias, as\u00ed como de los procesos de generaci\u00f3n del conocimiento,\u00a0en donde se\u00a0fusionan\u00a0el saber cient\u00edfico y la sabidur\u00eda ancestral tomando como eje un modelo intercultural.<\/strong><\/p>\t\t\t\t\t\t\t\t<\/div>\n\t\t\t\t<\/div>\n\t\t\t\t\t<\/div>\n\t\t<\/div>\n\t\t\t\t\t<\/div>\n\t\t<\/section>\n\t\t\t\t<section class=\"elementor-section elementor-top-section elementor-element elementor-element-fce3b31 elementor-section-boxed elementor-section-height-default elementor-section-height-default elementor-invisible\" data-id=\"fce3b31\" data-element_type=\"section\" data-e-type=\"section\" data-settings=\"{&quot;animation&quot;:&quot;fadeInRight&quot;}\">\n\t\t\t\t\t\t<div class=\"elementor-container elementor-column-gap-default\">\n\t\t\t\t\t<div class=\"elementor-column elementor-col-100 elementor-top-column elementor-element elementor-element-c3f8eb9\" data-id=\"c3f8eb9\" data-element_type=\"column\" data-e-type=\"column\">\n\t\t\t<div class=\"elementor-widget-wrap elementor-element-populated\">\n\t\t\t\t\t\t<div class=\"elementor-element elementor-element-2c00fc2 elementor-widget elementor-widget-heading\" data-id=\"2c00fc2\" data-element_type=\"widget\" data-e-type=\"widget\" data-widget_type=\"heading.default\">\n\t\t\t\t<div class=\"elementor-widget-container\">\n\t\t\t\t\t<h2 class=\"elementor-heading-title elementor-size-xl\">Visi\u00f3n<\/h2>\t\t\t\t<\/div>\n\t\t\t\t<\/div>\n\t\t\t\t\t<\/div>\n\t\t<\/div>\n\t\t\t\t\t<\/div>\n\t\t<\/section>\n\t\t\t\t<section class=\"elementor-section elementor-top-section elementor-element elementor-element-600c271 elementor-section-boxed elementor-section-height-default elementor-section-height-default elementor-invisible\" data-id=\"600c271\" data-element_type=\"section\" data-e-type=\"section\" data-settings=\"{&quot;animation&quot;:&quot;fadeInRight&quot;}\">\n\t\t\t\t\t\t<div class=\"elementor-container elementor-column-gap-default\">\n\t\t\t\t\t<div class=\"elementor-column elementor-col-100 elementor-top-column elementor-element elementor-element-78644c6\" data-id=\"78644c6\" data-element_type=\"column\" data-e-type=\"column\">\n\t\t\t<div class=\"elementor-widget-wrap elementor-element-populated\">\n\t\t\t\t\t\t<div class=\"elementor-element elementor-element-d83dcf8 elementor-widget elementor-widget-text-editor\" data-id=\"d83dcf8\" data-element_type=\"widget\" data-e-type=\"widget\" data-widget_type=\"text-editor.default\">\n\t\t\t\t<div class=\"elementor-widget-container\">\n\t\t\t\t\t\t\t\t\t<p><strong>Contar con programas educativos\u00a0actualizados, de\u00a0calidad,\u00a0con un enfoque intercultural,\u00a0innovador y pertinente, tanto en nivel licenciatura como en posgrado, diversificado en sus sedes, colocando a la UIIM en la vanguardia de la educaci\u00f3n estatal por sus conocimientos\u00a0y aportes\u00a0al\u00a0entorno de las comunidades originarias. Ser una Universidad con amplio prestigio social a trav\u00e9s de sus programas y proyectos de vinculaci\u00f3n comunitaria e investigaci\u00f3n,\u00a0desarrollados\u00a0con una planta docente y de investigadores\u00a0de alto desempe\u00f1o que conformen cuerpos acad\u00e9micos consolidados y que sus egresados sean reconocidos por su contribuci\u00f3n a\u00a0la resoluci\u00f3n de problemas de\u00a0las comunidades, el estado y el pa\u00eds.<\/strong><\/p>\t\t\t\t\t\t\t\t<\/div>\n\t\t\t\t<\/div>\n\t\t\t\t\t<\/div>\n\t\t<\/div>\n\t\t\t\t\t<\/div>\n\t\t<\/section>\n\t\t\t\t<section class=\"elementor-section elementor-top-section elementor-element elementor-element-e2cd15a elementor-section-boxed elementor-section-height-default elementor-section-height-default elementor-invisible\" data-id=\"e2cd15a\" data-element_type=\"section\" data-e-type=\"section\" data-settings=\"{&quot;animation&quot;:&quot;fadeInRight&quot;}\">\n\t\t\t\t\t\t<div class=\"elementor-container elementor-column-gap-default\">\n\t\t\t\t\t<div class=\"elementor-column elementor-col-100 elementor-top-column elementor-element elementor-element-41d0167\" data-id=\"41d0167\" data-element_type=\"column\" data-e-type=\"column\">\n\t\t\t<div class=\"elementor-widget-wrap elementor-element-populated\">\n\t\t\t\t\t\t<div class=\"elementor-element elementor-element-a8d3b81 elementor-widget elementor-widget-heading\" data-id=\"a8d3b81\" data-element_type=\"widget\" data-e-type=\"widget\" data-widget_type=\"heading.default\">\n\t\t\t\t<div class=\"elementor-widget-container\">\n\t\t\t\t\t<h2 class=\"elementor-heading-title elementor-size-xl\">Valores<\/h2>\t\t\t\t<\/div>\n\t\t\t\t<\/div>\n\t\t\t\t\t<\/div>\n\t\t<\/div>\n\t\t\t\t\t<\/div>\n\t\t<\/section>\n\t\t\t\t<section class=\"elementor-section elementor-top-section elementor-element elementor-element-39ce4fa elementor-section-boxed elementor-section-height-default elementor-section-height-default elementor-invisible\" data-id=\"39ce4fa\" data-element_type=\"section\" data-e-type=\"section\" data-settings=\"{&quot;animation&quot;:&quot;fadeInRight&quot;}\">\n\t\t\t\t\t\t<div class=\"elementor-container elementor-column-gap-default\">\n\t\t\t\t\t<div class=\"elementor-column elementor-col-100 elementor-top-column elementor-element elementor-element-be69845\" data-id=\"be69845\" data-element_type=\"column\" data-e-type=\"column\">\n\t\t\t<div class=\"elementor-widget-wrap elementor-element-populated\">\n\t\t\t\t\t\t<div class=\"elementor-element elementor-element-a137d64 elementor-widget elementor-widget-text-editor\" data-id=\"a137d64\" data-element_type=\"widget\" data-e-type=\"widget\" data-widget_type=\"text-editor.default\">\n\t\t\t\t<div class=\"elementor-widget-container\">\n\t\t\t\t\t\t\t\t\t<p><strong>La Universidad Intercultural Ind\u00edgena de Michoac\u00e1n promueve en sus programas y acciones educativas un conjunto de valores compartidos:<\/strong><\/p><ol><li><span style=\"color: #cc7e45;\"><strong> Equidad<\/strong><\/span><\/li><\/ol><p><strong>Se busca concretar en el caso de las comunidades ind\u00edgenas el derecho universal al acceso a la educaci\u00f3n, y el reconocimiento en un plano de igualdad de sus m\u00faltiples formas de ser y de conocer.<\/strong><\/p><ol start=\"2\"><li><span style=\"color: #cc7e45;\"><strong> Respeto a la diversidad<\/strong><\/span><\/li><\/ol><p><strong>Se defiende el respeto a la diversidad cultural, ling\u00fc\u00edstica y de construcci\u00f3n de conocimientos. Las diferentes culturas generan identidades distintas que deben ser respetadas, combati\u00e9ndose toda forma de discriminaci\u00f3n o exclusi\u00f3n.<\/strong><strong>\u00a0<\/strong><\/p><ol start=\"3\"><li><strong><span style=\"color: #cc7e45;\"> Pluralismo<\/span><\/strong><\/li><\/ol><p><strong>Se parte del reconocimiento del pa\u00eds y del estado de Michoac\u00e1n como multiculturales y pluriling\u00fc\u00edsticos, generadores de distintos saberes, valores y normas de convivencia que constituyen una riqueza a ser promovida y defendida.<\/strong><\/p><ol start=\"4\"><li><span style=\"color: #cc7e45;\"><strong> Solidaridad<\/strong><\/span><\/li><\/ol><p><strong>Se promueve en el personal, los docentes y estudiantes la vinculaci\u00f3n comunitaria y la corresponsabilidad social con las comunidades del estado y al interior de la universidad.<\/strong><\/p><ol start=\"5\"><li><span style=\"color: #cc7e45;\"><strong> Trabajo en equipo<\/strong><\/span><\/li><\/ol><p><strong>El trabajo en equipo es la capacidad de trabajar juntos hacia una visi\u00f3n com\u00fan. La capacidad de dirigir los logros individuales hacia los objetivos de la organizaci\u00f3n.<\/strong><\/p>\t\t\t\t\t\t\t\t<\/div>\n\t\t\t\t<\/div>\n\t\t\t\t\t<\/div>\n\t\t<\/div>\n\t\t\t\t\t<\/div>\n\t\t<\/section>\n\t\t\t\t<\/div>\n\t\t","protected":false},"excerpt":{"rendered":"<p>\u00bfQui\u00e9nes Somos? La UIIM fue creada por decreto de justicia. Su Acta de Nacimiento recoge las hist\u00f3ricas demandas que pueblos y movimientos ind\u00edgenas han hecho en materia educativa. El decreto establece una UIIM con programas educativos de alta calidad. Con una educaci\u00f3n que revitalice las lenguas ind\u00edgenas, de modo que se fomente el di\u00e1logo intercultural, [&hellip;]<\/p>\n","protected":false},"author":1,"featured_media":1572,"parent":0,"menu_order":0,"comment_status":"closed","ping_status":"closed","template":"","meta":{"footnotes":""},"class_list":["post-10","page","type-page","status-publish","has-post-thumbnail","hentry"],"blocksy_meta":[],"_links":{"self":[{"href":"https:\/\/uiim.edu.mx\/index.php?rest_route=\/wp\/v2\/pages\/10","targetHints":{"allow":["GET"]}}],"collection":[{"href":"https:\/\/uiim.edu.mx\/index.php?rest_route=\/wp\/v2\/pages"}],"about":[{"href":"https:\/\/uiim.edu.mx\/index.php?rest_route=\/wp\/v2\/types\/page"}],"author":[{"embeddable":true,"href":"https:\/\/uiim.edu.mx\/index.php?rest_route=\/wp\/v2\/users\/1"}],"replies":[{"embeddable":true,"href":"https:\/\/uiim.edu.mx\/index.php?rest_route=%2Fwp%2Fv2%2Fcomments&post=10"}],"version-history":[{"count":4,"href":"https:\/\/uiim.edu.mx\/index.php?rest_route=\/wp\/v2\/pages\/10\/revisions"}],"predecessor-version":[{"id":8573,"href":"https:\/\/uiim.edu.mx\/index.php?rest_route=\/wp\/v2\/pages\/10\/revisions\/8573"}],"wp:featuredmedia":[{"embeddable":true,"href":"https:\/\/uiim.edu.mx\/index.php?rest_route=\/wp\/v2\/media\/1572"}],"wp:attachment":[{"href":"https:\/\/uiim.edu.mx\/index.php?rest_route=%2Fwp%2Fv2%2Fmedia&parent=10"}],"curies":[{"name":"wp","href":"https:\/\/api.w.org\/{rel}","templated":true}]}}