{"id":117,"date":"2020-06-17T00:27:27","date_gmt":"2020-06-17T00:27:27","guid":{"rendered":"https:\/\/uiim.edu.mx\/?page_id=117"},"modified":"2025-10-13T20:42:02","modified_gmt":"2025-10-13T20:42:02","slug":"becas","status":"publish","type":"page","link":"https:\/\/uiim.edu.mx\/?page_id=117","title":{"rendered":"Becas"},"content":{"rendered":"\t\t<div data-elementor-type=\"wp-page\" data-elementor-id=\"117\" class=\"elementor elementor-117\" data-elementor-post-type=\"page\">\n\t\t\t\t<div class=\"elementor-element elementor-element-7a87485 e-flex e-con-boxed e-con e-parent\" data-id=\"7a87485\" data-element_type=\"container\" data-e-type=\"container\" data-settings=\"{&quot;background_background&quot;:&quot;classic&quot;}\">\n\t\t\t\t\t<div class=\"e-con-inner\">\n\t\t\t\t<div class=\"elementor-element elementor-element-86bec99 elementor-widget elementor-widget-spacer\" data-id=\"86bec99\" data-element_type=\"widget\" data-e-type=\"widget\" data-widget_type=\"spacer.default\">\n\t\t\t\t<div class=\"elementor-widget-container\">\n\t\t\t\t\t\t\t<div class=\"elementor-spacer\">\n\t\t\t<div class=\"elementor-spacer-inner\"><\/div>\n\t\t<\/div>\n\t\t\t\t\t\t<\/div>\n\t\t\t\t<\/div>\n\t\t\t\t\t<\/div>\n\t\t\t\t<\/div>\n\t\t\t\t<section class=\"elementor-section elementor-top-section elementor-element elementor-element-d501dc3 elementor-section-boxed elementor-section-height-default elementor-section-height-default elementor-invisible\" data-id=\"d501dc3\" data-element_type=\"section\" data-e-type=\"section\" data-settings=\"{&quot;animation&quot;:&quot;fadeInRight&quot;}\">\n\t\t\t\t\t\t<div class=\"elementor-container elementor-column-gap-default\">\n\t\t\t\t\t<div class=\"elementor-column elementor-col-100 elementor-top-column elementor-element elementor-element-1a07e0a\" data-id=\"1a07e0a\" data-element_type=\"column\" data-e-type=\"column\">\n\t\t\t<div class=\"elementor-widget-wrap elementor-element-populated\">\n\t\t\t\t\t\t<div class=\"elementor-element elementor-element-f25e507 elementor-widget elementor-widget-heading\" data-id=\"f25e507\" data-element_type=\"widget\" data-e-type=\"widget\" data-widget_type=\"heading.default\">\n\t\t\t\t<div class=\"elementor-widget-container\">\n\t\t\t\t\t<h2 class=\"elementor-heading-title elementor-size-xxl\">Becas<\/h2>\t\t\t\t<\/div>\n\t\t\t\t<\/div>\n\t\t\t\t\t<\/div>\n\t\t<\/div>\n\t\t\t\t\t<\/div>\n\t\t<\/section>\n\t\t\t\t<section class=\"elementor-section elementor-top-section elementor-element elementor-element-7082673 elementor-section-boxed elementor-section-height-default elementor-section-height-default elementor-invisible\" data-id=\"7082673\" data-element_type=\"section\" data-e-type=\"section\" data-settings=\"{&quot;animation&quot;:&quot;fadeInRight&quot;}\">\n\t\t\t\t\t\t<div class=\"elementor-container elementor-column-gap-default\">\n\t\t\t\t\t<div class=\"elementor-column elementor-col-100 elementor-top-column elementor-element elementor-element-86b71c0\" data-id=\"86b71c0\" data-element_type=\"column\" data-e-type=\"column\">\n\t\t\t<div class=\"elementor-widget-wrap elementor-element-populated\">\n\t\t\t\t\t\t<div class=\"elementor-element elementor-element-9de02ad elementor-widget elementor-widget-text-editor\" data-id=\"9de02ad\" data-element_type=\"widget\" data-e-type=\"widget\" data-widget_type=\"text-editor.default\">\n\t\t\t\t<div class=\"elementor-widget-container\">\n\t\t\t\t\t\t\t\t\t<p style=\"text-align: center;\"><strong><span style=\"color: #000000;\">La Universidad Intercultural Ind\u00edgena de Michoac\u00e1n da a conocer a la comunidad estudiantil, todos los alumnos tienen la oportunidad de concursar para la asignaci\u00f3n de alg\u00fan tipo de beca, debe sin embargo estar presente que toda asignaci\u00f3n de becas est\u00e1 sujeta a los condicionamientos que los mismos padrones de los sectores que las brindan.<\/span><\/strong><\/p><div class=\"host-bincmiainjofjnhchmcalkanjebghoen\" style=\"position: relative; z-index: 2147483647;\">\u00a0<\/div>\t\t\t\t\t\t\t\t<\/div>\n\t\t\t\t<\/div>\n\t\t\t\t\t<\/div>\n\t\t<\/div>\n\t\t\t\t\t<\/div>\n\t\t<\/section>\n\t\t\t\t<section class=\"elementor-section elementor-top-section elementor-element elementor-element-c21a299 elementor-section-boxed elementor-section-height-default elementor-section-height-default elementor-invisible\" data-id=\"c21a299\" data-element_type=\"section\" data-e-type=\"section\" data-settings=\"{&quot;animation&quot;:&quot;fadeInRight&quot;}\">\n\t\t\t\t\t\t<div class=\"elementor-container elementor-column-gap-default\">\n\t\t\t\t\t<div class=\"elementor-column elementor-col-100 elementor-top-column elementor-element elementor-element-367ab3c\" data-id=\"367ab3c\" data-element_type=\"column\" data-e-type=\"column\">\n\t\t\t<div class=\"elementor-widget-wrap elementor-element-populated\">\n\t\t\t\t\t\t<div class=\"elementor-element elementor-element-a6429aa elementor-widget elementor-widget-heading\" data-id=\"a6429aa\" data-element_type=\"widget\" data-e-type=\"widget\" data-widget_type=\"heading.default\">\n\t\t\t\t<div class=\"elementor-widget-container\">\n\t\t\t\t\t<h2 class=\"elementor-heading-title elementor-size-large\">Pol\u00edtica Organizacional<\/h2>\t\t\t\t<\/div>\n\t\t\t\t<\/div>\n\t\t\t\t\t<\/div>\n\t\t<\/div>\n\t\t\t\t\t<\/div>\n\t\t<\/section>\n\t\t\t\t<section class=\"elementor-section elementor-top-section elementor-element elementor-element-32f4681 elementor-section-boxed elementor-section-height-default elementor-section-height-default elementor-invisible\" data-id=\"32f4681\" data-element_type=\"section\" data-e-type=\"section\" data-settings=\"{&quot;animation&quot;:&quot;fadeInRight&quot;}\">\n\t\t\t\t\t\t<div class=\"elementor-container elementor-column-gap-default\">\n\t\t\t\t\t<div class=\"elementor-column elementor-col-100 elementor-top-column elementor-element elementor-element-ed40486\" data-id=\"ed40486\" data-element_type=\"column\" data-e-type=\"column\">\n\t\t\t<div class=\"elementor-widget-wrap elementor-element-populated\">\n\t\t\t\t\t\t<div class=\"elementor-element elementor-element-fc63124 elementor-widget elementor-widget-text-editor\" data-id=\"fc63124\" data-element_type=\"widget\" data-e-type=\"widget\" data-widget_type=\"text-editor.default\">\n\t\t\t\t<div class=\"elementor-widget-container\">\n\t\t\t\t\t\t\t\t\t<p><span style=\"color: #000000;\"><strong>Las becas a las que los alumnos pueden acceder,\u00a0 son:<\/strong><\/span><\/p><ul><li><span style=\"color: #000000;\"><strong>SUBES es el Sistema \u00danico de Beneficiarios de Educaci\u00f3n Superior.<\/strong><\/span><\/li><li><span style=\"color: #000000;\"><strong>En esta plataforma se pueden gestionar la solicitud a algunas becas de nivel superior que otorga la Coordinaci\u00f3n Nacional de Becas para el Bienestar Benito Ju\u00e1rez, de hecho las becas\u00a0 que se tramitan en esta plataforma, a las que se tiene acceso en la Universidad Intercultural Ind\u00edgena de Michoac\u00e1n son:<\/strong><\/span><\/li><li><span style=\"color: #000000;\"><strong><span style=\"color: #cc7e45;\">1.-<\/span> J\u00f3venes Escribiendo el futuro.<\/strong><\/span><\/li><\/ul><p><span style=\"color: #000000;\"><strong>A partir de este a\u00f1o las becas SUBES de la Coordinaci\u00f3n Nacional de Becas de Educaci\u00f3n Superior (CNBES), forman parte de las <a style=\"color: #000000;\" href=\"https:\/\/www.unionguanajuato.mx\/tags\/becas-benito-juarez\">Becas Benito Ju\u00e1rez.<\/a>\u00a0 Esto implica que dichos apoyos son gestionados por la\u00a0Coordinaci\u00f3n Nacional de Becas para el Bienestar Benito Ju\u00e1rez,\u00a0bajo el nombre de\u00a0<a style=\"color: #000000;\" href=\"https:\/\/www.unionguanajuato.mx\/tags\/becas-elisa-acuna\">Becas Elisa Acu\u00f1a.<\/a> Las\u00a0Becas Elisa Acu\u00f1a\u00a0y del programa\u00a0<a style=\"color: #000000;\" href=\"https:\/\/www.unionguanajuato.mx\/tags\/jovenes-escribiendo-el-futuro\">J\u00f3venes Escribiendo el Futuro<\/a>\u00a0se pueden solicitar a trav\u00e9s de\u00a0SUBES:<\/strong><\/span><\/p><ol><li><span style=\"color: #000000;\"><strong>Es una beca que otorga el Gobierno Federal y que forma parte del grupo de apoyo econ\u00f3mico para los estudiantes del pa\u00eds, Los becarios de J\u00f3venes Escribiendo el Futuro deben ingresar al portal SUBES para activar su ficha escolar. Si su informaci\u00f3n no est\u00e1 actualizada, podr\u00e1n modificar sus datos personales a trav\u00e9s de SUBES. <\/strong><\/span><strong style=\"color: #000000;\"><a href=\"https:\/\/subes.becasbenitojuarez.gob.mx\/\">https:\/\/subes.becasbenitojuarez.gob.mx\/<\/a> con tu CURP y contrase\u00f1a.<\/strong><\/li><\/ol><div class=\"host-bincmiainjofjnhchmcalkanjebghoen\" style=\"position: relative; z-index: 2147483647;\">\u00a0<\/div>\t\t\t\t\t\t\t\t<\/div>\n\t\t\t\t<\/div>\n\t\t\t\t\t<\/div>\n\t\t<\/div>\n\t\t\t\t\t<\/div>\n\t\t<\/section>\n\t\t\t\t<section class=\"elementor-section elementor-top-section elementor-element elementor-element-d649d2a elementor-section-boxed elementor-section-height-default elementor-section-height-default\" data-id=\"d649d2a\" data-element_type=\"section\" data-e-type=\"section\">\n\t\t\t\t\t\t<div class=\"elementor-container elementor-column-gap-default\">\n\t\t\t\t\t<div class=\"elementor-column elementor-col-100 elementor-top-column elementor-element elementor-element-e8f0b16\" data-id=\"e8f0b16\" data-element_type=\"column\" data-e-type=\"column\">\n\t\t\t<div class=\"elementor-widget-wrap elementor-element-populated\">\n\t\t\t\t\t\t<div class=\"elementor-element elementor-element-e0283fb elementor-widget elementor-widget-heading\" data-id=\"e0283fb\" data-element_type=\"widget\" data-e-type=\"widget\" data-widget_type=\"heading.default\">\n\t\t\t\t<div class=\"elementor-widget-container\">\n\t\t\t\t\t<h2 class=\"elementor-heading-title elementor-size-large\">\u00bfQu\u00e9 alumnos aplican para las becas?<\/h2>\t\t\t\t<\/div>\n\t\t\t\t<\/div>\n\t\t\t\t\t<\/div>\n\t\t<\/div>\n\t\t\t\t\t<\/div>\n\t\t<\/section>\n\t\t\t\t<section class=\"elementor-section elementor-top-section elementor-element elementor-element-0ef3cc0 elementor-section-boxed elementor-section-height-default elementor-section-height-default\" data-id=\"0ef3cc0\" data-element_type=\"section\" data-e-type=\"section\">\n\t\t\t\t\t\t<div class=\"elementor-container elementor-column-gap-default\">\n\t\t\t\t\t<div class=\"elementor-column elementor-col-100 elementor-top-column elementor-element elementor-element-6ebe8f0\" data-id=\"6ebe8f0\" data-element_type=\"column\" data-e-type=\"column\">\n\t\t\t<div class=\"elementor-widget-wrap elementor-element-populated\">\n\t\t\t\t\t\t<div class=\"elementor-element elementor-element-937b23e elementor-widget elementor-widget-text-editor\" data-id=\"937b23e\" data-element_type=\"widget\" data-e-type=\"widget\" data-widget_type=\"text-editor.default\">\n\t\t\t\t<div class=\"elementor-widget-container\">\n\t\t\t\t\t\t\t\t\t<p><span style=\"color: #000000;\"><strong>Debido al modelo de interculturalidad en el que se basa nuestra creaci\u00f3n todos nuestros alumnos pueden aplicar a cualquiera de las becas dispuestas anteriormente.\u00a0<\/strong><\/span><\/p>\t\t\t\t\t\t\t\t<\/div>\n\t\t\t\t<\/div>\n\t\t\t\t\t<\/div>\n\t\t<\/div>\n\t\t\t\t\t<\/div>\n\t\t<\/section>\n\t\t\t\t<section class=\"elementor-section elementor-top-section elementor-element elementor-element-3d57826 elementor-section-boxed elementor-section-height-default elementor-section-height-default\" data-id=\"3d57826\" data-element_type=\"section\" data-e-type=\"section\">\n\t\t\t\t\t\t<div class=\"elementor-container elementor-column-gap-default\">\n\t\t\t\t\t<div class=\"elementor-column elementor-col-100 elementor-top-column elementor-element elementor-element-b825ae4\" data-id=\"b825ae4\" data-element_type=\"column\" data-e-type=\"column\">\n\t\t\t<div class=\"elementor-widget-wrap elementor-element-populated\">\n\t\t\t\t\t\t<div class=\"elementor-element elementor-element-cd5b089 elementor-widget elementor-widget-heading\" data-id=\"cd5b089\" data-element_type=\"widget\" data-e-type=\"widget\" data-widget_type=\"heading.default\">\n\t\t\t\t<div class=\"elementor-widget-container\">\n\t\t\t\t\t<h2 class=\"elementor-heading-title elementor-size-large\">\u00bfCu\u00e1ndo hay que registrarse?<\/h2>\t\t\t\t<\/div>\n\t\t\t\t<\/div>\n\t\t\t\t\t<\/div>\n\t\t<\/div>\n\t\t\t\t\t<\/div>\n\t\t<\/section>\n\t\t\t\t<section class=\"elementor-section elementor-top-section elementor-element elementor-element-1d173ed elementor-section-boxed elementor-section-height-default elementor-section-height-default\" data-id=\"1d173ed\" data-element_type=\"section\" data-e-type=\"section\">\n\t\t\t\t\t\t<div class=\"elementor-container elementor-column-gap-default\">\n\t\t\t\t\t<div class=\"elementor-column elementor-col-100 elementor-top-column elementor-element elementor-element-02d5233\" data-id=\"02d5233\" data-element_type=\"column\" data-e-type=\"column\">\n\t\t\t<div class=\"elementor-widget-wrap elementor-element-populated\">\n\t\t\t\t\t\t<div class=\"elementor-element elementor-element-5148777 elementor-widget elementor-widget-text-editor\" data-id=\"5148777\" data-element_type=\"widget\" data-e-type=\"widget\" data-widget_type=\"text-editor.default\">\n\t\t\t\t<div class=\"elementor-widget-container\">\n\t\t\t\t\t\t\t\t\t<ul><li><span style=\"color: #000000;\"><strong>Los periodos para registrarse a ellas son al iniciar semestres:<\/strong><\/span><\/li><\/ul><p><span style=\"color: #000000;\"><strong><span style=\"color: #cc7e45;\">&#8211;<\/span>Agosto (Para el semestre Agosto- Enero).<\/strong><\/span><\/p><p><span style=\"color: #000000;\"><strong><span style=\"color: #cc7e45;\">&#8211;<\/span>Febrero (Para el semestre de Febrero a Junio).<\/strong><\/span><\/p><p><strong><span style=\"color: #000000;\">Te recomendamos que est\u00e9s al pendiente de las redes sociales de nuestra Universidad as\u00ed como de esta p\u00e1gina web donde puedes obtener informaci\u00f3n detallada sobre los tiempos de las convocatorias que se abrir\u00e1n para ser acreedor a una de estas becas.<\/span><\/strong><\/p>\t\t\t\t\t\t\t\t<\/div>\n\t\t\t\t<\/div>\n\t\t\t\t\t<\/div>\n\t\t<\/div>\n\t\t\t\t\t<\/div>\n\t\t<\/section>\n\t\t<div class=\"elementor-element elementor-element-e5075b1 e-flex e-con-boxed e-con e-parent\" data-id=\"e5075b1\" data-element_type=\"container\" data-e-type=\"container\">\n\t\t\t\t\t<div class=\"e-con-inner\">\n\t\t\t\t<div class=\"elementor-element elementor-element-ed48094 elementor-widget elementor-widget-spacer\" data-id=\"ed48094\" data-element_type=\"widget\" data-e-type=\"widget\" data-widget_type=\"spacer.default\">\n\t\t\t\t<div class=\"elementor-widget-container\">\n\t\t\t\t\t\t\t<div class=\"elementor-spacer\">\n\t\t\t<div class=\"elementor-spacer-inner\"><\/div>\n\t\t<\/div>\n\t\t\t\t\t\t<\/div>\n\t\t\t\t<\/div>\n\t\t\t\t\t<\/div>\n\t\t\t\t<\/div>\n\t\t\t\t<\/div>\n\t\t","protected":false},"excerpt":{"rendered":"<p>Becas La Universidad Intercultural Ind\u00edgena de Michoac\u00e1n da a conocer a la comunidad estudiantil, todos los alumnos tienen la oportunidad de concursar para la asignaci\u00f3n de alg\u00fan tipo de beca, debe sin embargo estar presente que toda asignaci\u00f3n de becas est\u00e1 sujeta a los condicionamientos que los mismos padrones de los sectores que las brindan. [&hellip;]<\/p>\n","protected":false},"author":1,"featured_media":0,"parent":0,"menu_order":0,"comment_status":"closed","ping_status":"closed","template":"elementor_header_footer","meta":{"footnotes":""},"class_list":["post-117","page","type-page","status-publish","hentry"],"blocksy_meta":[],"_links":{"self":[{"href":"https:\/\/uiim.edu.mx\/index.php?rest_route=\/wp\/v2\/pages\/117","targetHints":{"allow":["GET"]}}],"collection":[{"href":"https:\/\/uiim.edu.mx\/index.php?rest_route=\/wp\/v2\/pages"}],"about":[{"href":"https:\/\/uiim.edu.mx\/index.php?rest_route=\/wp\/v2\/types\/page"}],"author":[{"embeddable":true,"href":"https:\/\/uiim.edu.mx\/index.php?rest_route=\/wp\/v2\/users\/1"}],"replies":[{"embeddable":true,"href":"https:\/\/uiim.edu.mx\/index.php?rest_route=%2Fwp%2Fv2%2Fcomments&post=117"}],"version-history":[{"count":24,"href":"https:\/\/uiim.edu.mx\/index.php?rest_route=\/wp\/v2\/pages\/117\/revisions"}],"predecessor-version":[{"id":9155,"href":"https:\/\/uiim.edu.mx\/index.php?rest_route=\/wp\/v2\/pages\/117\/revisions\/9155"}],"wp:attachment":[{"href":"https:\/\/uiim.edu.mx\/index.php?rest_route=%2Fwp%2Fv2%2Fmedia&parent=117"}],"curies":[{"name":"wp","href":"https:\/\/api.w.org\/{rel}","templated":true}]}}