{"id":1332,"date":"2021-09-28T19:15:53","date_gmt":"2021-09-28T19:15:53","guid":{"rendered":"http:\/\/65.99.225.254\/~uiimedu?page_id=1332"},"modified":"2022-09-07T14:24:38","modified_gmt":"2022-09-07T14:24:38","slug":"perfiles-desarrollo-sustentable","status":"publish","type":"page","link":"https:\/\/uiim.edu.mx\/?page_id=1332","title":{"rendered":"Perfiles Desarrollo Sustentable"},"content":{"rendered":"<ul>\n<li><a href=\"https:\/\/uiim.edu.mx\/wp-content\/uploads\/2022\/09\/Maestra-Gabriela.pdf\" target=\"_blank\" rel=\"noopener\">MTRA. GABRIELA ARIAS HERN\u00c1NDEZ<\/a><\/li>\n<li><a href=\"https:\/\/uiim.edu.mx\/wp-content\/uploads\/2022\/09\/dr-acatitla.pdf\" target=\"_blank\" rel=\"noopener\">DR. CARLOS ACATITLA TREJO<\/a><\/li>\n<li><a href=\"https:\/\/uiim.edu.mx\/wp-content\/uploads\/2022\/09\/DRA-BERENICE.pdf\" target=\"_blank\" rel=\"noopener\">DRA. BERENICE FARF\u00c1N HEREDIA<\/a><\/li>\n<li><a href=\"https:\/\/uiim.edu.mx\/wp-content\/uploads\/2022\/09\/doctor-humberto.pdf\" target=\"_blank\" rel=\"noopener\">DR. HUMBERTO REND\u00d3N CARMONA<\/a><\/li>\n<\/ul>\n\n\n<p><\/p>\n","protected":false},"excerpt":{"rendered":"<p>MTRA. GABRIELA ARIAS HERN\u00c1NDEZ DR. CARLOS ACATITLA TREJO DRA. BERENICE FARF\u00c1N HEREDIA DR. HUMBERTO REND\u00d3N CARMONA<\/p>\n","protected":false},"author":3,"featured_media":0,"parent":0,"menu_order":0,"comment_status":"closed","ping_status":"closed","template":"","meta":{"footnotes":""},"class_list":["post-1332","page","type-page","status-publish","hentry"],"blocksy_meta":[],"_links":{"self":[{"href":"https:\/\/uiim.edu.mx\/index.php?rest_route=\/wp\/v2\/pages\/1332","targetHints":{"allow":["GET"]}}],"collection":[{"href":"https:\/\/uiim.edu.mx\/index.php?rest_route=\/wp\/v2\/pages"}],"about":[{"href":"https:\/\/uiim.edu.mx\/index.php?rest_route=\/wp\/v2\/types\/page"}],"author":[{"embeddable":true,"href":"https:\/\/uiim.edu.mx\/index.php?rest_route=\/wp\/v2\/users\/3"}],"replies":[{"embeddable":true,"href":"https:\/\/uiim.edu.mx\/index.php?rest_route=%2Fwp%2Fv2%2Fcomments&post=1332"}],"version-history":[{"count":0,"href":"https:\/\/uiim.edu.mx\/index.php?rest_route=\/wp\/v2\/pages\/1332\/revisions"}],"wp:attachment":[{"href":"https:\/\/uiim.edu.mx\/index.php?rest_route=%2Fwp%2Fv2%2Fmedia&parent=1332"}],"curies":[{"name":"wp","href":"https:\/\/api.w.org\/{rel}","templated":true}]}}