{"id":1341,"date":"2021-09-28T19:44:23","date_gmt":"2021-09-28T19:44:23","guid":{"rendered":"http:\/\/65.99.225.254\/~uiimedu?page_id=1341"},"modified":"2022-09-07T14:28:24","modified_gmt":"2022-09-07T14:28:24","slug":"perfiles-ciencias-politicas-y-administracion-publica","status":"publish","type":"page","link":"https:\/\/uiim.edu.mx\/?page_id=1341","title":{"rendered":"Perfiles Ciencias Pol\u00edticas y Administraci\u00f3n P\u00fablica"},"content":{"rendered":"<ul>\n<li><a href=\"https:\/\/uiim.edu.mx\/wp-content\/uploads\/2022\/09\/maestra-Veronica-Flores.pdf\" target=\"_blank\" rel=\"noopener\">DRA. VERONICA MARLENE FLORES CORREA<\/a><\/li>\n<li><a href=\"https:\/\/uiim.edu.mx\/wp-content\/uploads\/2022\/09\/MTRO-VICENTE.pdf\" target=\"_blank\" rel=\"noopener\">Mro. VICENTE GONZ\u00c1LEZ HIDALGO<\/a><\/li>\n<\/ul>\n\n\n<p><\/p>\n","protected":false},"excerpt":{"rendered":"<p>DRA. VERONICA MARLENE FLORES CORREA Mro. VICENTE GONZ\u00c1LEZ HIDALGO<\/p>\n","protected":false},"author":3,"featured_media":0,"parent":0,"menu_order":0,"comment_status":"closed","ping_status":"closed","template":"","meta":{"footnotes":""},"class_list":["post-1341","page","type-page","status-publish","hentry"],"blocksy_meta":[],"_links":{"self":[{"href":"https:\/\/uiim.edu.mx\/index.php?rest_route=\/wp\/v2\/pages\/1341","targetHints":{"allow":["GET"]}}],"collection":[{"href":"https:\/\/uiim.edu.mx\/index.php?rest_route=\/wp\/v2\/pages"}],"about":[{"href":"https:\/\/uiim.edu.mx\/index.php?rest_route=\/wp\/v2\/types\/page"}],"author":[{"embeddable":true,"href":"https:\/\/uiim.edu.mx\/index.php?rest_route=\/wp\/v2\/users\/3"}],"replies":[{"embeddable":true,"href":"https:\/\/uiim.edu.mx\/index.php?rest_route=%2Fwp%2Fv2%2Fcomments&post=1341"}],"version-history":[{"count":0,"href":"https:\/\/uiim.edu.mx\/index.php?rest_route=\/wp\/v2\/pages\/1341\/revisions"}],"wp:attachment":[{"href":"https:\/\/uiim.edu.mx\/index.php?rest_route=%2Fwp%2Fv2%2Fmedia&parent=1341"}],"curies":[{"name":"wp","href":"https:\/\/api.w.org\/{rel}","templated":true}]}}