{"id":30,"date":"2020-06-16T20:00:21","date_gmt":"2020-06-16T20:00:21","guid":{"rendered":"https:\/\/uiim.edu.mx\/?page_id=30"},"modified":"2025-10-11T00:58:04","modified_gmt":"2025-10-11T00:58:04","slug":"innovacion-tecnologica-sustentable","status":"publish","type":"page","link":"https:\/\/uiim.edu.mx\/?page_id=30","title":{"rendered":"Innovaci\u00f3n Tecnol\u00f3gica Sustentable"},"content":{"rendered":"\t\t<div data-elementor-type=\"wp-page\" data-elementor-id=\"30\" class=\"elementor elementor-30\" data-elementor-post-type=\"page\">\n\t\t\t\t<div class=\"elementor-element elementor-element-71734d0 e-flex e-con-boxed e-con e-parent\" data-id=\"71734d0\" data-element_type=\"container\" data-e-type=\"container\" data-settings=\"{&quot;background_background&quot;:&quot;classic&quot;}\">\n\t\t\t\t\t<div class=\"e-con-inner\">\n\t\t\t\t<div class=\"elementor-element elementor-element-5563c9a elementor-widget elementor-widget-heading\" data-id=\"5563c9a\" data-element_type=\"widget\" data-e-type=\"widget\" data-widget_type=\"heading.default\">\n\t\t\t\t<div class=\"elementor-widget-container\">\n\t\t\t\t\t<h2 class=\"elementor-heading-title elementor-size-default\">Licenciatura en Innovaci\u00f3n Tecnol\u00f3gica Sustentable <\/h2>\t\t\t\t<\/div>\n\t\t\t\t<\/div>\n\t\t\t\t\t<\/div>\n\t\t\t\t<\/div>\n\t\t\t\t<section class=\"elementor-section elementor-top-section elementor-element elementor-element-2b589697 elementor-section-boxed elementor-section-height-default elementor-section-height-default elementor-invisible\" data-id=\"2b589697\" data-element_type=\"section\" data-e-type=\"section\" data-settings=\"{&quot;animation&quot;:&quot;fadeInRight&quot;}\">\n\t\t\t\t\t\t<div class=\"elementor-container elementor-column-gap-default\">\n\t\t\t\t\t<div class=\"elementor-column elementor-col-100 elementor-top-column elementor-element elementor-element-12f53553\" data-id=\"12f53553\" data-element_type=\"column\" data-e-type=\"column\">\n\t\t\t<div class=\"elementor-widget-wrap elementor-element-populated\">\n\t\t\t\t\t\t<div class=\"elementor-element elementor-element-1e5ed92f elementor-widget elementor-widget-heading\" data-id=\"1e5ed92f\" data-element_type=\"widget\" data-e-type=\"widget\" data-widget_type=\"heading.default\">\n\t\t\t\t<div class=\"elementor-widget-container\">\n\t\t\t\t\t<h2 class=\"elementor-heading-title elementor-size-large\">Objetivo<\/h2>\t\t\t\t<\/div>\n\t\t\t\t<\/div>\n\t\t\t\t<section class=\"elementor-section elementor-inner-section elementor-element elementor-element-2422d497 elementor-section-boxed elementor-section-height-default elementor-section-height-default\" data-id=\"2422d497\" data-element_type=\"section\" data-e-type=\"section\">\n\t\t\t\t\t\t<div class=\"elementor-container elementor-column-gap-default\">\n\t\t\t\t\t<div class=\"elementor-column elementor-col-100 elementor-inner-column elementor-element elementor-element-3634e455\" data-id=\"3634e455\" data-element_type=\"column\" data-e-type=\"column\">\n\t\t\t<div class=\"elementor-widget-wrap elementor-element-populated\">\n\t\t\t\t\t\t<div class=\"elementor-element elementor-element-f7fd376 elementor-invisible elementor-widget elementor-widget-text-editor\" data-id=\"f7fd376\" data-element_type=\"widget\" data-e-type=\"widget\" data-settings=\"{&quot;_animation&quot;:&quot;fadeInRight&quot;}\" data-widget_type=\"text-editor.default\">\n\t\t\t\t<div class=\"elementor-widget-container\">\n\t\t\t\t\t\t\t\t\t<p><strong>Formar profesionistas en el marco de un modelo educativo intercultural, responsables y \u00e9ticos con actitudes, conocimientos y habilidades en el aprovechamiento de fuentes renovables de energ\u00edas, a trav\u00e9s del dise\u00f1o, implementaci\u00f3n y evaluaci\u00f3n de tecnolog\u00edas apropiadas que permitan la intervenci\u00f3n innovadora y emprendedora para la gesti\u00f3n de proyectos.<\/strong><\/p>\t\t\t\t\t\t\t\t<\/div>\n\t\t\t\t<\/div>\n\t\t\t\t\t<\/div>\n\t\t<\/div>\n\t\t\t\t\t<\/div>\n\t\t<\/section>\n\t\t\t\t\t<\/div>\n\t\t<\/div>\n\t\t\t\t\t<\/div>\n\t\t<\/section>\n\t\t\t\t<section class=\"elementor-section elementor-top-section elementor-element elementor-element-1058c58a elementor-section-boxed elementor-section-height-default elementor-section-height-default\" data-id=\"1058c58a\" data-element_type=\"section\" data-e-type=\"section\">\n\t\t\t\t\t\t<div class=\"elementor-container elementor-column-gap-default\">\n\t\t\t\t\t<div class=\"elementor-column elementor-col-100 elementor-top-column elementor-element elementor-element-608b73b8\" data-id=\"608b73b8\" data-element_type=\"column\" data-e-type=\"column\">\n\t\t\t<div class=\"elementor-widget-wrap elementor-element-populated\">\n\t\t\t\t\t\t<div class=\"elementor-element elementor-element-3d9cf55e elementor-widget elementor-widget-heading\" data-id=\"3d9cf55e\" data-element_type=\"widget\" data-e-type=\"widget\" data-widget_type=\"heading.default\">\n\t\t\t\t<div class=\"elementor-widget-container\">\n\t\t\t\t\t<h2 class=\"elementor-heading-title elementor-size-large\">Perfil de Ingreso<\/h2>\t\t\t\t<\/div>\n\t\t\t\t<\/div>\n\t\t\t\t<div class=\"elementor-element elementor-element-2ac7732e elementor-invisible elementor-widget elementor-widget-text-editor\" data-id=\"2ac7732e\" data-element_type=\"widget\" data-e-type=\"widget\" data-settings=\"{&quot;_animation&quot;:&quot;fadeInRight&quot;}\" data-widget_type=\"text-editor.default\">\n\t\t\t\t<div class=\"elementor-widget-container\">\n\t\t\t\t\t\t\t\t\t<p><strong>El aspirante a ingresar a la Ingenier\u00eda deber\u00e1 haber cursado el nivel medio superior, as\u00ed como las siguientes cualidades:<\/strong><\/p><ul><li><strong>Entusiasmo por promover el cambio y la mejora continua de las comunidades.<\/strong><\/li><li><strong>Creatividad e ingenio.<\/strong><\/li><li><strong>Aptitud para detectar, definir y aplicar el razonamiento cient\u00edfico al estudio y soluci\u00f3n en forma te\u00f3ricapr\u00e1ctica de problemas energ\u00e9ticos, ambientales y sociales con la mejor tecnolog\u00eda disponible.<\/strong><\/li><\/ul>\t\t\t\t\t\t\t\t<\/div>\n\t\t\t\t<\/div>\n\t\t\t\t\t<\/div>\n\t\t<\/div>\n\t\t\t\t\t<\/div>\n\t\t<\/section>\n\t\t\t\t<section class=\"elementor-section elementor-top-section elementor-element elementor-element-4c332db6 elementor-section-boxed elementor-section-height-default elementor-section-height-default elementor-invisible\" data-id=\"4c332db6\" data-element_type=\"section\" data-e-type=\"section\" data-settings=\"{&quot;animation&quot;:&quot;fadeInRight&quot;}\">\n\t\t\t\t\t\t<div class=\"elementor-container elementor-column-gap-default\">\n\t\t\t\t\t<div class=\"elementor-column elementor-col-100 elementor-top-column elementor-element elementor-element-1e33b35c\" data-id=\"1e33b35c\" data-element_type=\"column\" data-e-type=\"column\">\n\t\t\t<div class=\"elementor-widget-wrap elementor-element-populated\">\n\t\t\t\t\t\t<div class=\"elementor-element elementor-element-7c9331a6 elementor-widget elementor-widget-heading\" data-id=\"7c9331a6\" data-element_type=\"widget\" data-e-type=\"widget\" data-widget_type=\"heading.default\">\n\t\t\t\t<div class=\"elementor-widget-container\">\n\t\t\t\t\t<h2 class=\"elementor-heading-title elementor-size-large\">Perfil de Egreso<\/h2>\t\t\t\t<\/div>\n\t\t\t\t<\/div>\n\t\t\t\t<section class=\"elementor-section elementor-inner-section elementor-element elementor-element-6d1cb2db elementor-section-boxed elementor-section-height-default elementor-section-height-default\" data-id=\"6d1cb2db\" data-element_type=\"section\" data-e-type=\"section\">\n\t\t\t\t\t\t<div class=\"elementor-container elementor-column-gap-default\">\n\t\t\t\t\t<div class=\"elementor-column elementor-col-100 elementor-inner-column elementor-element elementor-element-1bd3eaf9\" data-id=\"1bd3eaf9\" data-element_type=\"column\" data-e-type=\"column\">\n\t\t\t<div class=\"elementor-widget-wrap elementor-element-populated\">\n\t\t\t\t\t\t<div class=\"elementor-element elementor-element-33f2aaf7 elementor-invisible elementor-widget elementor-widget-text-editor\" data-id=\"33f2aaf7\" data-element_type=\"widget\" data-e-type=\"widget\" data-settings=\"{&quot;_animation&quot;:&quot;fadeInRight&quot;}\" data-widget_type=\"text-editor.default\">\n\t\t\t\t<div class=\"elementor-widget-container\">\n\t\t\t\t\t\t\t\t\t<p><strong>El Ingeniero en Innovaci\u00f3n Tecnol\u00f3gica Sustentable podr\u00e1 gestionar proyectos, as\u00ed como dise\u00f1ar, elaborar, implementar, investigar y evaluar tecnolog\u00edas apropiadas que aprovechen fuentes renovables de energ\u00eda, aplicando el marco legal y respetando el medio ambiente.<\/strong><\/p>\t\t\t\t\t\t\t\t<\/div>\n\t\t\t\t<\/div>\n\t\t\t\t\t<\/div>\n\t\t<\/div>\n\t\t\t\t\t<\/div>\n\t\t<\/section>\n\t\t\t\t\t<\/div>\n\t\t<\/div>\n\t\t\t\t\t<\/div>\n\t\t<\/section>\n\t\t\t\t<section class=\"elementor-section elementor-top-section elementor-element elementor-element-57edac0b elementor-section-boxed elementor-section-height-default elementor-section-height-default elementor-invisible\" data-id=\"57edac0b\" data-element_type=\"section\" data-e-type=\"section\" data-settings=\"{&quot;animation&quot;:&quot;fadeInRight&quot;}\">\n\t\t\t\t\t\t<div class=\"elementor-container elementor-column-gap-default\">\n\t\t\t\t\t<div class=\"elementor-column elementor-col-100 elementor-top-column elementor-element elementor-element-c974157\" data-id=\"c974157\" data-element_type=\"column\" data-e-type=\"column\">\n\t\t\t<div class=\"elementor-widget-wrap elementor-element-populated\">\n\t\t\t\t\t\t<div class=\"elementor-element elementor-element-66cb22df elementor-widget elementor-widget-heading\" data-id=\"66cb22df\" data-element_type=\"widget\" data-e-type=\"widget\" data-widget_type=\"heading.default\">\n\t\t\t\t<div class=\"elementor-widget-container\">\n\t\t\t\t\t<h2 class=\"elementor-heading-title elementor-size-large\">Campo Laboral<\/h2>\t\t\t\t<\/div>\n\t\t\t\t<\/div>\n\t\t\t\t<section class=\"elementor-section elementor-inner-section elementor-element elementor-element-56a599cd elementor-section-boxed elementor-section-height-default elementor-section-height-default\" data-id=\"56a599cd\" data-element_type=\"section\" data-e-type=\"section\">\n\t\t\t\t\t\t<div class=\"elementor-container elementor-column-gap-default\">\n\t\t\t\t\t<div class=\"elementor-column elementor-col-100 elementor-inner-column elementor-element elementor-element-6121bc91\" data-id=\"6121bc91\" data-element_type=\"column\" data-e-type=\"column\">\n\t\t\t<div class=\"elementor-widget-wrap elementor-element-populated\">\n\t\t\t\t\t\t<div class=\"elementor-element elementor-element-36da1f96 elementor-invisible elementor-widget elementor-widget-text-editor\" data-id=\"36da1f96\" data-element_type=\"widget\" data-e-type=\"widget\" data-settings=\"{&quot;_animation&quot;:&quot;fadeInRight&quot;}\" data-widget_type=\"text-editor.default\">\n\t\t\t\t<div class=\"elementor-widget-container\">\n\t\t\t\t\t\t\t\t\t<p><strong>En el sector privado: Constituirse como peque\u00f1o o mediano empresario donde podr\u00e1 dise\u00f1ar, reproducir y comercializar equipos y accesorios relacionados con el empleo de las nuevas fuentes renovables de energ\u00eda. En una empresa o de manera independiente como asesor, consultor, generador e innovador de proyectos que articulen y fomenten el desarrollo en las comunidades, tomando como base aspectos relacionados con la Ingenier\u00eda en Innovaci\u00f3n Tecnol\u00f3gica Sustentable (IITS). En el sector gubernamental: Vinculado a diferentes dependencias gubernamentales con incidencia a nivel local o regional, al frente de diversos programas o proyectos relacionados con las energ\u00edas renovables. Incorporarse a instituciones de educaci\u00f3n p\u00fablica de nivel medio o superior, como docente de asignatura, o bien, como t\u00e9cnico especializado o investigador. Los egresados tienen la opci\u00f3n de continuar su preparaci\u00f3n acad\u00e9mica a nivel posgrado (maestr\u00eda y\/o doctorado), los cuales le permitan adquirir mayores conocimientos y experiencia en alguna \u00e1rea de inter\u00e9s.<\/strong><\/p><p><strong>La Ingenier\u00eda en Innovaci\u00f3n Tecnol\u00f3gica Sustentable tiene dos \u00e1reas de Especializaci\u00f3n:<\/strong><\/p><ul><li><strong>Fuentes de Energ\u00eda Sustentable (FES)<\/strong><\/li><li><strong>Dise\u00f1o e Innovaci\u00f3n Tecnol\u00f3gica (DIT)<\/strong><\/li><\/ul>\t\t\t\t\t\t\t\t<\/div>\n\t\t\t\t<\/div>\n\t\t\t\t\t<\/div>\n\t\t<\/div>\n\t\t\t\t\t<\/div>\n\t\t<\/section>\n\t\t\t\t\t<\/div>\n\t\t<\/div>\n\t\t\t\t\t<\/div>\n\t\t<\/section>\n\t\t\t\t<section class=\"elementor-section elementor-top-section elementor-element elementor-element-514baf5 elementor-section-boxed elementor-section-height-default elementor-section-height-default elementor-invisible\" data-id=\"514baf5\" data-element_type=\"section\" data-e-type=\"section\" data-settings=\"{&quot;animation&quot;:&quot;fadeInRight&quot;}\">\n\t\t\t\t\t\t<div class=\"elementor-container elementor-column-gap-default\">\n\t\t\t\t\t<div class=\"elementor-column elementor-col-100 elementor-top-column elementor-element elementor-element-e238579\" data-id=\"e238579\" data-element_type=\"column\" data-e-type=\"column\">\n\t\t\t<div class=\"elementor-widget-wrap elementor-element-populated\">\n\t\t\t\t\t\t<div class=\"elementor-element elementor-element-39bf9d1 elementor-widget elementor-widget-heading\" data-id=\"39bf9d1\" data-element_type=\"widget\" data-e-type=\"widget\" data-widget_type=\"heading.default\">\n\t\t\t\t<div class=\"elementor-widget-container\">\n\t\t\t\t\t<h2 class=\"elementor-heading-title elementor-size-large\">Requisito de Ingreso<\/h2>\t\t\t\t<\/div>\n\t\t\t\t<\/div>\n\t\t\t\t<section class=\"elementor-section elementor-inner-section elementor-element elementor-element-bf34c2c elementor-section-boxed elementor-section-height-default elementor-section-height-default\" data-id=\"bf34c2c\" data-element_type=\"section\" data-e-type=\"section\">\n\t\t\t\t\t\t<div class=\"elementor-container elementor-column-gap-default\">\n\t\t\t\t\t<div class=\"elementor-column elementor-col-100 elementor-inner-column elementor-element elementor-element-ca44709\" data-id=\"ca44709\" data-element_type=\"column\" data-e-type=\"column\">\n\t\t\t<div class=\"elementor-widget-wrap elementor-element-populated\">\n\t\t\t\t\t\t<div class=\"elementor-element elementor-element-80fbb9e elementor-invisible elementor-widget elementor-widget-text-editor\" data-id=\"80fbb9e\" data-element_type=\"widget\" data-e-type=\"widget\" data-settings=\"{&quot;_animation&quot;:&quot;fadeInRight&quot;}\" data-widget_type=\"text-editor.default\">\n\t\t\t\t<div class=\"elementor-widget-container\">\n\t\t\t\t\t\t\t\t\t<ul><li><strong>Solicitud de ingreso<\/strong><\/li><li><strong>Certificado de bachillerato o constancia de terminaci\u00f3n<\/strong><strong>de estudios (original y dos copias)<\/strong><\/li><li><strong>Acta de nacimiento (original y dos copias)<\/strong><\/li><li><strong>CURP (original y dos copias)<\/strong><\/li><li><strong>Identificaci\u00f3n Oficial con fotograf\u00eda (original y dos copias)<\/strong><\/li><li><strong>Examen m\u00e9dico de una instituci\u00f3n p\u00fablica (original)<\/strong><\/li><li><strong>Tres fotograf\u00edas tama\u00f1o infantil (papel mate)<\/strong><\/li><\/ul>\t\t\t\t\t\t\t\t<\/div>\n\t\t\t\t<\/div>\n\t\t\t\t\t<\/div>\n\t\t<\/div>\n\t\t\t\t\t<\/div>\n\t\t<\/section>\n\t\t\t\t\t<\/div>\n\t\t<\/div>\n\t\t\t\t\t<\/div>\n\t\t<\/section>\n\t\t\t\t<section class=\"elementor-section elementor-top-section elementor-element elementor-element-e660d11 elementor-section-boxed elementor-section-height-default elementor-section-height-default elementor-invisible\" data-id=\"e660d11\" data-element_type=\"section\" data-e-type=\"section\" data-settings=\"{&quot;animation&quot;:&quot;fadeInRight&quot;}\">\n\t\t\t\t\t\t<div class=\"elementor-container elementor-column-gap-default\">\n\t\t\t\t\t<div class=\"elementor-column elementor-col-100 elementor-top-column elementor-element elementor-element-77fbc29c\" data-id=\"77fbc29c\" data-element_type=\"column\" data-e-type=\"column\">\n\t\t\t<div class=\"elementor-widget-wrap elementor-element-populated\">\n\t\t\t\t\t\t<div class=\"elementor-element elementor-element-51e9c82d elementor-widget elementor-widget-heading\" data-id=\"51e9c82d\" data-element_type=\"widget\" data-e-type=\"widget\" data-widget_type=\"heading.default\">\n\t\t\t\t<div class=\"elementor-widget-container\">\n\t\t\t\t\t<h2 class=\"elementor-heading-title elementor-size-large\">Campus Donde se Imparte<\/h2>\t\t\t\t<\/div>\n\t\t\t\t<\/div>\n\t\t\t\t<section class=\"elementor-section elementor-inner-section elementor-element elementor-element-7048a15c elementor-section-boxed elementor-section-height-default elementor-section-height-default\" data-id=\"7048a15c\" data-element_type=\"section\" data-e-type=\"section\">\n\t\t\t\t\t\t<div class=\"elementor-container elementor-column-gap-default\">\n\t\t\t\t\t<div class=\"elementor-column elementor-col-100 elementor-inner-column elementor-element elementor-element-583128bb\" data-id=\"583128bb\" data-element_type=\"column\" data-e-type=\"column\">\n\t\t\t<div class=\"elementor-widget-wrap elementor-element-populated\">\n\t\t\t\t\t\t<div class=\"elementor-element elementor-element-687bef26 elementor-invisible elementor-widget elementor-widget-text-editor\" data-id=\"687bef26\" data-element_type=\"widget\" data-e-type=\"widget\" data-settings=\"{&quot;_animation&quot;:&quot;fadeInRight&quot;}\" data-widget_type=\"text-editor.default\">\n\t\t\t\t<div class=\"elementor-widget-container\">\n\t\t\t\t\t\t\t\t\t<ul><li><a href=\"https:\/\/uiim.edu.mx\/?page_id=81\"><strong>Zamora<\/strong><\/a><\/li><li><a href=\"https:\/\/uiim.edu.mx\/?page_id=83\"><strong>Zacapu- Tir\u00edndaro<\/strong><\/a><\/li><li><a href=\"https:\/\/uiim.edu.mx\/?page_id=85\"><strong>Tingambato &#8211; Pich\u00e1taro<\/strong><\/a><\/li><\/ul><div class=\"host-bincmiainjofjnhchmcalkanjebghoen\" style=\"position: relative; z-index: 2147483647;\">\u00a0<\/div>\t\t\t\t\t\t\t\t<\/div>\n\t\t\t\t<\/div>\n\t\t\t\t\t<\/div>\n\t\t<\/div>\n\t\t\t\t\t<\/div>\n\t\t<\/section>\n\t\t\t\t\t<\/div>\n\t\t<\/div>\n\t\t\t\t\t<\/div>\n\t\t<\/section>\n\t\t\t\t<\/div>\n\t\t","protected":false},"excerpt":{"rendered":"<p>Licenciatura en Innovaci\u00f3n Tecnol\u00f3gica Sustentable Objetivo Formar profesionistas en el marco de un modelo educativo intercultural, responsables y \u00e9ticos con actitudes, conocimientos y habilidades en el aprovechamiento de fuentes renovables de energ\u00edas, a trav\u00e9s del dise\u00f1o, implementaci\u00f3n y evaluaci\u00f3n de tecnolog\u00edas apropiadas que permitan la intervenci\u00f3n innovadora y emprendedora para la gesti\u00f3n de proyectos. Perfil [&hellip;]<\/p>\n","protected":false},"author":1,"featured_media":0,"parent":0,"menu_order":0,"comment_status":"closed","ping_status":"closed","template":"elementor_header_footer","meta":{"footnotes":""},"class_list":["post-30","page","type-page","status-publish","hentry"],"blocksy_meta":[],"_links":{"self":[{"href":"https:\/\/uiim.edu.mx\/index.php?rest_route=\/wp\/v2\/pages\/30","targetHints":{"allow":["GET"]}}],"collection":[{"href":"https:\/\/uiim.edu.mx\/index.php?rest_route=\/wp\/v2\/pages"}],"about":[{"href":"https:\/\/uiim.edu.mx\/index.php?rest_route=\/wp\/v2\/types\/page"}],"author":[{"embeddable":true,"href":"https:\/\/uiim.edu.mx\/index.php?rest_route=\/wp\/v2\/users\/1"}],"replies":[{"embeddable":true,"href":"https:\/\/uiim.edu.mx\/index.php?rest_route=%2Fwp%2Fv2%2Fcomments&post=30"}],"version-history":[{"count":6,"href":"https:\/\/uiim.edu.mx\/index.php?rest_route=\/wp\/v2\/pages\/30\/revisions"}],"predecessor-version":[{"id":9023,"href":"https:\/\/uiim.edu.mx\/index.php?rest_route=\/wp\/v2\/pages\/30\/revisions\/9023"}],"wp:attachment":[{"href":"https:\/\/uiim.edu.mx\/index.php?rest_route=%2Fwp%2Fv2%2Fmedia&parent=30"}],"curies":[{"name":"wp","href":"https:\/\/api.w.org\/{rel}","templated":true}]}}