{"id":44,"date":"2020-06-16T20:05:06","date_gmt":"2020-06-16T20:05:06","guid":{"rendered":"https:\/\/uiim.edu.mx\/?page_id=44"},"modified":"2020-07-12T06:43:04","modified_gmt":"2020-07-12T06:43:04","slug":"titulacion","status":"publish","type":"page","link":"https:\/\/uiim.edu.mx\/?page_id=44","title":{"rendered":"Titulaci\u00f3n"},"content":{"rendered":"\t\t<div data-elementor-type=\"wp-page\" data-elementor-id=\"44\" class=\"elementor elementor-44\" data-elementor-post-type=\"page\">\n\t\t\t\t\t\t<section class=\"elementor-section elementor-top-section elementor-element elementor-element-46877a9 elementor-section-boxed elementor-section-height-default elementor-section-height-default elementor-invisible\" data-id=\"46877a9\" data-element_type=\"section\" data-e-type=\"section\" data-settings=\"{&quot;animation&quot;:&quot;fadeInRight&quot;}\">\n\t\t\t\t\t\t<div class=\"elementor-container elementor-column-gap-default\">\n\t\t\t\t\t<div class=\"elementor-column elementor-col-100 elementor-top-column elementor-element elementor-element-d8d509a\" data-id=\"d8d509a\" data-element_type=\"column\" data-e-type=\"column\">\n\t\t\t<div class=\"elementor-widget-wrap elementor-element-populated\">\n\t\t\t\t\t\t<div class=\"elementor-element elementor-element-0611433 elementor-widget elementor-widget-heading\" data-id=\"0611433\" data-element_type=\"widget\" data-e-type=\"widget\" data-widget_type=\"heading.default\">\n\t\t\t\t<div class=\"elementor-widget-container\">\n\t\t\t\t\t<h2 class=\"elementor-heading-title elementor-size-xxl\">Titulaci\u00f3n <\/h2>\t\t\t\t<\/div>\n\t\t\t\t<\/div>\n\t\t\t\t\t<\/div>\n\t\t<\/div>\n\t\t\t\t\t<\/div>\n\t\t<\/section>\n\t\t\t\t<section class=\"elementor-section elementor-top-section elementor-element elementor-element-b0d75cd elementor-section-boxed elementor-section-height-default elementor-section-height-default elementor-invisible\" data-id=\"b0d75cd\" data-element_type=\"section\" data-e-type=\"section\" data-settings=\"{&quot;animation&quot;:&quot;fadeInRight&quot;}\">\n\t\t\t\t\t\t<div class=\"elementor-container elementor-column-gap-default\">\n\t\t\t\t\t<div class=\"elementor-column elementor-col-100 elementor-top-column elementor-element elementor-element-47eb01e\" data-id=\"47eb01e\" data-element_type=\"column\" data-e-type=\"column\">\n\t\t\t<div class=\"elementor-widget-wrap elementor-element-populated\">\n\t\t\t\t\t\t<div class=\"elementor-element elementor-element-b1a4968 elementor-widget elementor-widget-heading\" data-id=\"b1a4968\" data-element_type=\"widget\" data-e-type=\"widget\" data-widget_type=\"heading.default\">\n\t\t\t\t<div class=\"elementor-widget-container\">\n\t\t\t\t\t<h2 class=\"elementor-heading-title elementor-size-large\">\u00bfQu\u00e9 Necesito?<\/h2>\t\t\t\t<\/div>\n\t\t\t\t<\/div>\n\t\t\t\t\t<\/div>\n\t\t<\/div>\n\t\t\t\t\t<\/div>\n\t\t<\/section>\n\t\t\t\t<section class=\"elementor-section elementor-top-section elementor-element elementor-element-8cddd2f elementor-section-boxed elementor-section-height-default elementor-section-height-default elementor-invisible\" data-id=\"8cddd2f\" data-element_type=\"section\" data-e-type=\"section\" data-settings=\"{&quot;animation&quot;:&quot;fadeInRight&quot;}\">\n\t\t\t\t\t\t<div class=\"elementor-container elementor-column-gap-default\">\n\t\t\t\t\t<div class=\"elementor-column elementor-col-100 elementor-top-column elementor-element elementor-element-c6b5d7f\" data-id=\"c6b5d7f\" data-element_type=\"column\" data-e-type=\"column\">\n\t\t\t<div class=\"elementor-widget-wrap elementor-element-populated\">\n\t\t\t\t\t\t<div class=\"elementor-element elementor-element-1670e8b elementor-widget elementor-widget-text-editor\" data-id=\"1670e8b\" data-element_type=\"widget\" data-e-type=\"widget\" data-widget_type=\"text-editor.default\">\n\t\t\t\t<div class=\"elementor-widget-container\">\n\t\t\t\t\t\t\t\t\t<ol><li><span style=\"color: #000000;\"><strong>Haber cursado y aprobado todas tus asignaturas.<\/strong><\/span><\/li><li><span style=\"color: #000000;\"><strong>Tener cubierto tu servicio social.<\/strong><\/span><\/li><li><span style=\"color: #000000;\"><strong>Tener cubierta una lengua ind\u00edgena nacional y una lengua extranjera. <\/strong><\/span><\/li><li><span style=\"color: #000000;\"><strong>No tener adeudos de ninguna \u00edndole con laUniversidad.<\/strong><\/span><\/li><li><strong><span style=\"color: #000000;\">Tramitar el examen profesional, del acto recepcional<\/span> <span style=\"color: #000000;\">en el departamento de Titulaci\u00f3n, Becas y S.S<\/span><\/strong><\/li><\/ol>\t\t\t\t\t\t\t\t<\/div>\n\t\t\t\t<\/div>\n\t\t\t\t\t<\/div>\n\t\t<\/div>\n\t\t\t\t\t<\/div>\n\t\t<\/section>\n\t\t\t\t<section class=\"elementor-section elementor-top-section elementor-element elementor-element-169d76e elementor-section-boxed elementor-section-height-default elementor-section-height-default elementor-invisible\" data-id=\"169d76e\" data-element_type=\"section\" data-e-type=\"section\" data-settings=\"{&quot;animation&quot;:&quot;fadeInRight&quot;}\">\n\t\t\t\t\t\t<div class=\"elementor-container elementor-column-gap-default\">\n\t\t\t\t\t<div class=\"elementor-column elementor-col-100 elementor-top-column elementor-element elementor-element-00bbe3c\" data-id=\"00bbe3c\" data-element_type=\"column\" data-e-type=\"column\">\n\t\t\t<div class=\"elementor-widget-wrap elementor-element-populated\">\n\t\t\t\t\t\t<div class=\"elementor-element elementor-element-9762290 elementor-widget elementor-widget-heading\" data-id=\"9762290\" data-element_type=\"widget\" data-e-type=\"widget\" data-widget_type=\"heading.default\">\n\t\t\t\t<div class=\"elementor-widget-container\">\n\t\t\t\t\t<h2 class=\"elementor-heading-title elementor-size-large\">Modalidad<\/h2>\t\t\t\t<\/div>\n\t\t\t\t<\/div>\n\t\t\t\t\t<\/div>\n\t\t<\/div>\n\t\t\t\t\t<\/div>\n\t\t<\/section>\n\t\t\t\t<section class=\"elementor-section elementor-top-section elementor-element elementor-element-32e2914 elementor-section-boxed elementor-section-height-default elementor-section-height-default elementor-invisible\" data-id=\"32e2914\" data-element_type=\"section\" data-e-type=\"section\" data-settings=\"{&quot;animation&quot;:&quot;fadeInRight&quot;}\">\n\t\t\t\t\t\t<div class=\"elementor-container elementor-column-gap-default\">\n\t\t\t\t\t<div class=\"elementor-column elementor-col-100 elementor-top-column elementor-element elementor-element-cf753ed\" data-id=\"cf753ed\" data-element_type=\"column\" data-e-type=\"column\">\n\t\t\t<div class=\"elementor-widget-wrap elementor-element-populated\">\n\t\t\t\t\t\t<div class=\"elementor-element elementor-element-593aab4 elementor-widget elementor-widget-text-editor\" data-id=\"593aab4\" data-element_type=\"widget\" data-e-type=\"widget\" data-widget_type=\"text-editor.default\">\n\t\t\t\t<div class=\"elementor-widget-container\">\n\t\t\t\t\t\t\t\t\t<ul><li><strong><span style=\"color: #000000;\">Propuesta pedag\u00f3gica.<\/span><\/strong><\/li><li><strong><span style=\"color: #000000;\">Innovaci\u00f3n tecnol\u00f3gica.<\/span><\/strong><\/li><li><strong><span style=\"color: #000000;\">Trabajo de investigaci\u00f3n o Tesis.<\/span><\/strong><\/li><li><strong><span style=\"color: #000000;\">Proyecto de desarrollo comunitario.<\/span><\/strong><\/li><li><strong><span style=\"color: #000000;\">Producci\u00f3n de materiales did\u00e1cticos.<\/span><\/strong><\/li><li><strong><span style=\"color: #000000;\">M\u00e9rito acad\u00e9mico.<\/span><\/strong><\/li><li><strong><span style=\"color: #000000;\">Informe de servicio social a la comunidad.<\/span><\/strong><\/li><li><strong><span style=\"color: #000000;\">Informe de pr\u00e1ctica o experiencia profesional.<\/span><\/strong><\/li><\/ul><p><span style=\"color: #000000;\"><strong>Una vez que escojas la opci\u00f3n con la que te vas a titular, es necesario que elabores una Solicitud de Titulaci\u00f3n \u201c Por X\u201c (esto ser\u00e1 acorde a la modalidad que tu seleccionar\u00e1s.)<\/strong><\/span><\/p>\t\t\t\t\t\t\t\t<\/div>\n\t\t\t\t<\/div>\n\t\t\t\t\t<\/div>\n\t\t<\/div>\n\t\t\t\t\t<\/div>\n\t\t<\/section>\n\t\t\t\t<section class=\"elementor-section elementor-top-section elementor-element elementor-element-b62f211 elementor-section-boxed elementor-section-height-default elementor-section-height-default elementor-invisible\" data-id=\"b62f211\" data-element_type=\"section\" data-e-type=\"section\" data-settings=\"{&quot;animation&quot;:&quot;fadeInRight&quot;}\">\n\t\t\t\t\t\t<div class=\"elementor-container elementor-column-gap-default\">\n\t\t\t\t\t<div class=\"elementor-column elementor-col-100 elementor-top-column elementor-element elementor-element-405d0ad\" data-id=\"405d0ad\" data-element_type=\"column\" data-e-type=\"column\">\n\t\t\t<div class=\"elementor-widget-wrap elementor-element-populated\">\n\t\t\t\t\t\t<div class=\"elementor-element elementor-element-2b5c29b elementor-widget elementor-widget-heading\" data-id=\"2b5c29b\" data-element_type=\"widget\" data-e-type=\"widget\" data-widget_type=\"heading.default\">\n\t\t\t\t<div class=\"elementor-widget-container\">\n\t\t\t\t\t<h2 class=\"elementor-heading-title elementor-size-large\">\u00bfCu\u00e1nto Tiempo Tarda el Proceso?<\/h2>\t\t\t\t<\/div>\n\t\t\t\t<\/div>\n\t\t\t\t\t<\/div>\n\t\t<\/div>\n\t\t\t\t\t<\/div>\n\t\t<\/section>\n\t\t\t\t<section class=\"elementor-section elementor-top-section elementor-element elementor-element-75fa7c3 elementor-section-boxed elementor-section-height-default elementor-section-height-default elementor-invisible\" data-id=\"75fa7c3\" data-element_type=\"section\" data-e-type=\"section\" data-settings=\"{&quot;animation&quot;:&quot;fadeInDown&quot;}\">\n\t\t\t\t\t\t<div class=\"elementor-container elementor-column-gap-default\">\n\t\t\t\t\t<div class=\"elementor-column elementor-col-100 elementor-top-column elementor-element elementor-element-025a54b\" data-id=\"025a54b\" data-element_type=\"column\" data-e-type=\"column\">\n\t\t\t<div class=\"elementor-widget-wrap elementor-element-populated\">\n\t\t\t\t\t\t<div class=\"elementor-element elementor-element-5616084 elementor-widget elementor-widget-text-editor\" data-id=\"5616084\" data-element_type=\"widget\" data-e-type=\"widget\" data-widget_type=\"text-editor.default\">\n\t\t\t\t<div class=\"elementor-widget-container\">\n\t\t\t\t\t\t\t\t\t<ul><li><span style=\"color: #000000;\"><b>Al registrar tu <\/b><b>modalidad, <\/b><b>debe <\/b><b>pasar m\u00e1ximo 1 a\u00f1o para validar tus <\/b><b>tramites (<\/b><b>hasta que pagas inicia tu registro<\/b><b>.), e ir de la mano con el llenado de todos los datos que se te piden; MOSTRANDO tambi\u00e9n tu trabajo, con la finalidad de que se te genere una fecha de presentaci\u00f3n y\/o terminaci\u00f3n de estudios. <\/b><\/span><\/li><li><span style=\"color: #000000;\"><b>Debes comenzar en cuanto te sientas preparado en todos los sentidos y tengas todos los documentos requeridos.<\/b><\/span><\/li><li><span style=\"color: #000000;\"><b>Tu t\u00edtulo tardara aproximadamente 2 meses en llegar, una vez que sea tu graduaci\u00f3n, una vez que entregues todos tus documentos, y que elabores el pago de tu c\u00e9dula profesional.<\/b><\/span><\/li><li><p><span style=\"color: #000000;\"><strong>El departamento de titulaci\u00f3n de la Universidad Intercultural Ind\u00edgena de Michoac\u00e1n, una vez que este listo t\u00fa t\u00edtulo, \u00a1Se comunicar\u00e1 contigo!<\/strong><\/span><\/p><\/li><\/ul>\t\t\t\t\t\t\t\t<\/div>\n\t\t\t\t<\/div>\n\t\t\t\t\t<\/div>\n\t\t<\/div>\n\t\t\t\t\t<\/div>\n\t\t<\/section>\n\t\t\t\t<\/div>\n\t\t","protected":false},"excerpt":{"rendered":"<p>Titulaci\u00f3n \u00bfQu\u00e9 Necesito? Haber cursado y aprobado todas tus asignaturas. Tener cubierto tu servicio social. Tener cubierta una lengua ind\u00edgena nacional y una lengua extranjera. No tener adeudos de ninguna \u00edndole con laUniversidad. Tramitar el examen profesional, del acto recepcional en el departamento de Titulaci\u00f3n, Becas y S.S Modalidad Propuesta pedag\u00f3gica. Innovaci\u00f3n tecnol\u00f3gica. Trabajo de [&hellip;]<\/p>\n","protected":false},"author":1,"featured_media":0,"parent":0,"menu_order":0,"comment_status":"closed","ping_status":"closed","template":"","meta":{"footnotes":""},"class_list":["post-44","page","type-page","status-publish","hentry"],"blocksy_meta":[],"_links":{"self":[{"href":"https:\/\/uiim.edu.mx\/index.php?rest_route=\/wp\/v2\/pages\/44","targetHints":{"allow":["GET"]}}],"collection":[{"href":"https:\/\/uiim.edu.mx\/index.php?rest_route=\/wp\/v2\/pages"}],"about":[{"href":"https:\/\/uiim.edu.mx\/index.php?rest_route=\/wp\/v2\/types\/page"}],"author":[{"embeddable":true,"href":"https:\/\/uiim.edu.mx\/index.php?rest_route=\/wp\/v2\/users\/1"}],"replies":[{"embeddable":true,"href":"https:\/\/uiim.edu.mx\/index.php?rest_route=%2Fwp%2Fv2%2Fcomments&post=44"}],"version-history":[{"count":0,"href":"https:\/\/uiim.edu.mx\/index.php?rest_route=\/wp\/v2\/pages\/44\/revisions"}],"wp:attachment":[{"href":"https:\/\/uiim.edu.mx\/index.php?rest_route=%2Fwp%2Fv2%2Fmedia&parent=44"}],"curies":[{"name":"wp","href":"https:\/\/api.w.org\/{rel}","templated":true}]}}