{"id":13,"date":"2022-09-13T17:11:37","date_gmt":"2022-09-13T17:11:37","guid":{"rendered":"http:\/\/uiim.edu.mx\/msdr\/?page_id=13"},"modified":"2026-04-01T16:45:17","modified_gmt":"2026-04-01T16:45:17","slug":"perfil-de-ingreso","status":"publish","type":"page","link":"https:\/\/uiim.edu.mx\/msdr\/?page_id=13","title":{"rendered":"Perfil de Ingreso"},"content":{"rendered":"\n<p>A esta Maestr\u00eda pueden ingresar los aspirantes que hayan cursado cualquier licenciatura o ingenier\u00eda, la cual consigan enfocar a las ciencias de la sostenibilidad; por lo que se exigen las siguientes competencias:&nbsp;<\/p>\n\n\n\n<ul class=\"wp-block-list\">\n<li>Aplica conocimientos de las ciencias b\u00e1sicas en la soluci\u00f3n de problemas espec\u00edficos, con creatividad y considerando criterios \u00e9ticos.&nbsp;<\/li>\n<\/ul>\n\n\n\n<ul class=\"wp-block-list\">\n<li>Comprende las necesidades actuales del pa\u00eds, particularmente de las comunidades ind\u00edgenas, para fundamentar en ellas sus proyectos, con actitud de servicio hacia la sociedad.&nbsp;<\/li>\n<\/ul>\n\n\n\n<ul class=\"wp-block-list\">\n<li>Conoce los fundamentos de los m\u00e9todos de investigaci\u00f3n y los aplica en el dise\u00f1o de un proyecto de manera clara.&nbsp;<\/li>\n<\/ul>\n\n\n\n<ul class=\"wp-block-list\">\n<li>Se expresa de manera eficaz tanto de forma oral como escrita, digital y gr\u00e1fica, a partir de su formaci\u00f3n.&nbsp;<\/li>\n<\/ul>\n\n\n\n<ul class=\"wp-block-list\">\n<li>Lee en ingl\u00e9s en un nivel que le permite comprender&nbsp;cr\u00edticamente&nbsp;textos acad\u00e9micos y t\u00e9cnicos de su disciplina.&nbsp;<\/li>\n<\/ul>\n\n\n\n<ul class=\"wp-block-list\">\n<li>Posee conocimientos b\u00e1sicos para el manejo de informaci\u00f3n y paquetes computacionales como programas Excel, Word y PowerPoint, entre otros.&nbsp;<\/li>\n<\/ul>\n\n\n\n<ul class=\"wp-block-list\">\n<li>Organiza y administra su propio tiempo y ritmo de trabajo, con apertura hacia el trabajo colaborativo en su profesi\u00f3n y de manera responsable, con probidad y honestidad.&nbsp;<\/li>\n<\/ul>\n\n\n\n<ul class=\"wp-block-list\">\n<li>Cuenta con actitud cr\u00edtica y reflexiva que le impulsa a valorar la actualizaci\u00f3n y superaci\u00f3n constantes para responder a las demandas del entorno, con respeto a la condici\u00f3n humana.\u00a0<\/li>\n<\/ul>\n\n\n\n<p><\/p>\n","protected":false},"excerpt":{"rendered":"<p>A esta Maestr\u00eda pueden ingresar los aspirantes que hayan cursado cualquier licenciatura o ingenier\u00eda, la cual consigan enfocar a las ciencias de la sostenibilidad; por lo que se exigen las siguientes competencias:&nbsp;<\/p>\n","protected":false},"author":1,"featured_media":0,"parent":0,"menu_order":0,"comment_status":"closed","ping_status":"closed","template":"","meta":{"footnotes":""},"class_list":["post-13","page","type-page","status-publish","hentry"],"_links":{"self":[{"href":"https:\/\/uiim.edu.mx\/msdr\/index.php?rest_route=\/wp\/v2\/pages\/13","targetHints":{"allow":["GET"]}}],"collection":[{"href":"https:\/\/uiim.edu.mx\/msdr\/index.php?rest_route=\/wp\/v2\/pages"}],"about":[{"href":"https:\/\/uiim.edu.mx\/msdr\/index.php?rest_route=\/wp\/v2\/types\/page"}],"author":[{"embeddable":true,"href":"https:\/\/uiim.edu.mx\/msdr\/index.php?rest_route=\/wp\/v2\/users\/1"}],"replies":[{"embeddable":true,"href":"https:\/\/uiim.edu.mx\/msdr\/index.php?rest_route=%2Fwp%2Fv2%2Fcomments&post=13"}],"version-history":[{"count":5,"href":"https:\/\/uiim.edu.mx\/msdr\/index.php?rest_route=\/wp\/v2\/pages\/13\/revisions"}],"predecessor-version":[{"id":177,"href":"https:\/\/uiim.edu.mx\/msdr\/index.php?rest_route=\/wp\/v2\/pages\/13\/revisions\/177"}],"wp:attachment":[{"href":"https:\/\/uiim.edu.mx\/msdr\/index.php?rest_route=%2Fwp%2Fv2%2Fmedia&parent=13"}],"curies":[{"name":"wp","href":"https:\/\/api.w.org\/{rel}","templated":true}]}}