{"id":187,"date":"2026-04-01T17:22:49","date_gmt":"2026-04-01T17:22:49","guid":{"rendered":"https:\/\/uiim.edu.mx\/msdr\/?page_id=187"},"modified":"2026-04-01T17:22:49","modified_gmt":"2026-04-01T17:22:49","slug":"plan-docente","status":"publish","type":"page","link":"https:\/\/uiim.edu.mx\/msdr\/?page_id=187","title":{"rendered":"Plan Docente"},"content":{"rendered":"\n<p>Se integra por investigadores adscritos a la Universidad Intercultural Ind\u00edgena de Michoac\u00e1n, as\u00ed como investigadores invitados que pertenecen a otras prestigiadas instituciones. A&nbsp;continuaci\u00f3n&nbsp;se citan, agrupados&nbsp;de acuerdo a&nbsp;la terminal que atienden en el posgrado, sus l\u00edneas de investigaci\u00f3n y&nbsp;otros&nbsp;datos.&nbsp;<\/p>\n\n\n\n<figure class=\"wp-block-table\"><table class=\"has-fixed-layout\"><tbody><tr><td><strong>DOCENTE &#8211; INVESTIGADOR<\/strong>&nbsp;<\/td><td><strong>LINEAS DE INVESTIGACION<\/strong>&nbsp;<\/td><td><strong>CONTACTO<\/strong>&nbsp;<\/td><td><strong>ADSCRIP-CION<\/strong>&nbsp;<\/td><\/tr><tr><td colspan=\"3\"><strong>TERMINAL EN RESTAURACI\u00d3N AMBIENTAL<\/strong>&nbsp;<\/td><td><strong><\/strong>&nbsp;<\/td><\/tr><tr><td><strong>Berenice Farf\u00e1n Heredia<\/strong>&nbsp;Dra. en Ciencias Biol\u00f3gicas por la UNAM;&nbsp;&nbsp;SNII 1.&nbsp;<\/td><td>Manejo de diversidad biocultural: implicaciones ecol\u00f3gicas, econ\u00f3micas y culturales para la sustentabilidad de sistemas&nbsp;socioecol\u00f3gicos.&nbsp;<\/td><td><a href=\"mailto:berenice.farfan@uiim.edu.mx\" target=\"_blank\" rel=\"noreferrer noopener\">berenice.farfan@uiim.edu.mx<\/a>&nbsp;&nbsp;<a href=\"https:\/\/scholar.google.com\/citations?user=lmI-32cAAAAJ&amp;hl=es\" target=\"_blank\" rel=\"noreferrer noopener\">https:\/\/scholar.google.com\/citations?user=lmI-32cAAAAJ&amp;hl=es<\/a>&nbsp;&nbsp;<a href=\"https:\/\/www.researchgate.net\/profile\/Farfan_Berenice3\" target=\"_blank\" rel=\"noreferrer noopener\">https:\/\/www.researchgate.net\/profile\/Farfan_Berenice3<\/a>&nbsp;<\/td><td>Universidad Intercultural Ind\u00edgena de Michoac\u00e1n&nbsp;(UIIM)&nbsp;<\/td><\/tr><tr><td><strong>Mar\u00eda Luisa Herrera Arroyo<\/strong>&nbsp;Dra. en Ciencias Biol\u00f3gicas por la UNAM.&nbsp;<\/td><td>Manejo de Recursos naturales para el desarrollo de los pueblos originarios de Michoac\u00e1n&nbsp;&nbsp;Restauraci\u00f3n ambiental&nbsp;<\/td><td>luisa.herrera@uiim.edu.mx&nbsp;&nbsp;<a href=\"https:\/\/www.researchgate.net\/scientific-contributions\/78747880_Maria_Luisa_Herrera-Arroyo\" target=\"_blank\" rel=\"noreferrer noopener\">https:\/\/www.researchgate.net\/scientific-contributions\/78747880_Maria_Luisa_Herrera-Arroyo<\/a>&nbsp;<\/td><td>UIIM&nbsp;<\/td><\/tr><tr><td><strong>Humberto Rend\u00f3n Carmona<\/strong>&nbsp;Dr. en Ciencias Biol\u00f3gicas por la UNAM.&nbsp;SNII: candidato&nbsp;<\/td><td>Ecolog\u00eda y manejo de Recursos Forestales Maderables y no Maderables.&nbsp;Manejo de germoplasma, germinaci\u00f3n, viveros, reforestaci\u00f3n y restauraci\u00f3n.&nbsp;<\/td><td>hrendon@uiim.edu.mx&nbsp;&nbsp;<a href=\"https:\/\/www.researchgate.net\/profile\/Humberto_Rendon-Carmona\" target=\"_blank\" rel=\"noreferrer noopener\">https:\/\/www.researchgate.net\/profile\/Humberto_Rendon-Carmona<\/a>&nbsp;<\/td><td>UIIM&nbsp;<\/td><\/tr><tr><td><strong>Gabriela Arias Hern\u00e1ndez<\/strong>&nbsp;Dra. en ciencias en desarrollo sustentable por la UMSNH.&nbsp;SNII: candidata&nbsp;<\/td><td>Agroecolog\u00eda, soberan\u00eda alimentaria,&nbsp;socioecosistemas, territorio.&nbsp;&nbsp;<\/td><td><a href=\"mailto:gabriela.arias@uiim.edu.mx\" target=\"_blank\" rel=\"noreferrer noopener\">gabriela.arias@uiim.edu.mx<\/a>&nbsp;&nbsp;&nbsp;<\/td><td>UIIM&nbsp;<\/td><\/tr><tr><td><strong>Margarito \u00c1lvarez Jara<\/strong>&nbsp;Mtro. en Ciencias Biol\u00f3gicas por la UMSNH,&nbsp;doctorante&nbsp;en la UIIM.&nbsp;<\/td><td>Manejo y conservaci\u00f3n de recursos naturales&nbsp;Aprovechamiento sustentable de fauna&nbsp;Sistemas de informaci\u00f3n geogr\u00e1fica&nbsp;Ecolog\u00eda de aves y mam\u00edferos&nbsp;<\/td><td>margarito.alvarez@uiim.edu.mx&nbsp;https:\/\/scholar.google.com\/citations?user=9rQGF4gAAAAJ&amp;hl=es&amp;oi=ao&nbsp;&nbsp;<\/td><td>UIIM&nbsp;<\/td><\/tr><tr><td><strong>Angelina Mart\u00ednez&nbsp;Yrizar<\/strong>&nbsp;Dra. en Ecolog\u00eda por la Universidad&nbsp;de&nbsp;Cambridge,&nbsp;England.&nbsp;SNII: II.&nbsp;<\/td><td>Ecolog\u00eda de ecosistemas&nbsp;Manejo de recursos naturales&nbsp;Servicios ecosist\u00e9micos&nbsp;&nbsp;<\/td><td><a href=\"mailto:angelina@unam.mx\" target=\"_blank\" rel=\"noreferrer noopener\">angelina@unam.mx<\/a>&nbsp;<a href=\"https:\/\/scholar.google.com.mx\/citations?user=9RPtp_YAAAAJ&amp;hl=es\" target=\"_blank\" rel=\"noreferrer noopener\">https:\/\/scholar.google.com.mx\/citations?user=9RPtp_YAAAAJ&amp;hl=es<\/a>&nbsp;<\/td><td>Instituto de Ecolog\u00eda, UNAM&nbsp;<\/td><\/tr><tr><td><strong>Laura Alfonsina Chang Mart\u00ednez<\/strong>&nbsp;Dra. en Geograf\u00eda por la UNAM;&nbsp;&nbsp;SNII 1.&nbsp;&nbsp;<\/td><td>Percepci\u00f3n Remota&nbsp;Cambio de Cubiertas y Usos del Suelo&nbsp;Variabilidad clim\u00e1tica y cambio clim\u00e1tico&nbsp;<\/td><td>changml07@gmail.com&nbsp;&nbsp;<a href=\"https:\/\/scholar.google.com.mx\/citations?user=9rzdrEMAAAAJ&amp;hl=es\" target=\"_blank\" rel=\"noreferrer noopener\">https:\/\/scholar.google.com.mx\/citations?user=9rzdrEMAAAAJ&amp;hl=es<\/a>&nbsp;<\/td><td>ENES-UNAM, Morelia.&nbsp;<\/td><\/tr><tr><td><strong>Juan Felipe&nbsp;Charre&nbsp;Medell\u00edn<\/strong>&nbsp;Dr. en Ciencias Biol\u00f3gicas por la UMSNH;&nbsp;SNII 1.&nbsp;<\/td><td>Ecolog\u00eda y conservaci\u00f3n de biodiversidad.&nbsp;&nbsp;Manejo y conservaci\u00f3n de recursos naturales.&nbsp;Modelaci\u00f3n&nbsp;espacio-temporal&nbsp;de nicho ecol\u00f3gico actuales y ante escenarios de cambio clim\u00e1tico.&nbsp;An\u00e1lisis espacial de la conectividad del paisaje.&nbsp;<\/td><td><a href=\"mailto:jfcharre85@gmail.com\" target=\"_blank\" rel=\"noreferrer noopener\">jfcharre85@gmail.com<\/a>&nbsp;&nbsp;<a href=\"https:\/\/scholar.google.com.mx\/citations?user=1mj876AAAAAJ&amp;hl=es\" target=\"_blank\" rel=\"noreferrer noopener\">https:\/\/scholar.google.com.mx\/citations?user=1mj876AAAAAJ&amp;hl=es<\/a>&nbsp;<\/td><td>ENES \u2013 UNAM, Morelia.&nbsp;<\/td><\/tr><tr><td><strong>Mois\u00e9s M\u00e9ndez Toribio<\/strong>&nbsp;Dr. en Ciencias Biol\u00f3gicas por la UNAM,&nbsp;&nbsp;SNII: II\u202f&nbsp;<\/td><td>Restauraci\u00f3n de Ecosistemas.&nbsp;Ecolog\u00eda de la vegetaci\u00f3n del&nbsp;bosque tropical seco.&nbsp;&nbsp;Ecolog\u00eda de comunidades de plantas.&nbsp;&nbsp;Diversidad funcional.&nbsp;Ecolog\u00eda del disturbio.&nbsp;<\/td><td><a href=\"mailto:mendeztm@gmail.com\" target=\"_blank\" rel=\"noreferrer noopener\">mendeztm@gmail.com<\/a>&nbsp;<\/td><td>Instituto de Ecolog\u00eda, Centro Regional&nbsp;del Baj\u00edo-P\u00e1tzcuaro.&nbsp;&nbsp;<\/td><\/tr><tr><td><strong>Horacio Armando Paz Hern\u00e1ndez<\/strong>&nbsp;Dr. en Ecolog\u00eda por la UNAM.&nbsp;SNII: III&nbsp;<\/td><td>Ecolog\u00eda funcional de plantas, Estrategias de resistencia a&nbsp;la sequ\u00eda, Ecolog\u00eda fisiol\u00f3gica del estr\u00e9s por eventos clim\u00e1ticos extremos&nbsp;&nbsp;Diversidad funcional de plantas en paisajes&nbsp;&nbsp;manejados e implicaciones en mantenimiento de procesos ecosist\u00e9micos, Ecolog\u00eda de la&nbsp;&nbsp;restauraci\u00f3n&nbsp;&nbsp;y manejo sostenible&nbsp;&nbsp;de bosques.&nbsp;<\/td><td><a href=\"mailto:hpaz@cieco.unam.mx\" target=\"_blank\" rel=\"noreferrer noopener\">hpaz@cieco.unam.mx<\/a>&nbsp;<\/td><td>Instituto de Investiga-ciones&nbsp;en&nbsp;Ecosiste-mas&nbsp;y&nbsp;Sustentabi-lidad, UNAM.&nbsp;<\/td><\/tr><tr><td colspan=\"3\"><strong>TERMINAL EN GESTI\u00d3N PARA EL DESARROLLO<\/strong>&nbsp;<\/td><td><strong><\/strong>&nbsp;<\/td><\/tr><tr><td><strong>Eric Mercado Arias<\/strong>&nbsp;Dr. en Antropolog\u00eda&nbsp;Social por El Colegio de Michoac\u00e1n.&nbsp;SNII: candidato.&nbsp;<\/td><td>La Cultura en las relaciones sociales, la pol\u00edtica y el desarrollo;&nbsp;Educaci\u00f3n intercultural y sostenibilidad.&nbsp;<\/td><td><a href=\"mailto:eric.mercado@uiim.edu.mx\" target=\"_blank\" rel=\"noreferrer noopener\">eric.mercado@uiim.edu.mx<\/a>&nbsp;&nbsp;<a href=\"https:\/\/www.researchgate.net\/profile\/Eric-Mercado-Arias\" target=\"_blank\" rel=\"noreferrer noopener\">https:\/\/www.researchgate.net\/profile\/Eric-Mercado-Arias<\/a>&nbsp;<a href=\"https:\/\/scholar.google.com\/citations?user=X132ff8AAAAJ&amp;hl=es\" target=\"_blank\" rel=\"noreferrer noopener\">https:\/\/scholar.google.com\/citations?user=X132ff8AAAAJ&amp;hl=es<\/a>&nbsp;<\/td><td>UIIM&nbsp;<\/td><\/tr><tr><td><strong>Amalia Ram\u00edrez&nbsp;Garayzar<\/strong>&nbsp;Dra. en Historia por la UMSNH,&nbsp;&nbsp;SNII 1.&nbsp;<\/td><td>Producci\u00f3n artesanal ind\u00edgena&nbsp;<\/td><td><a href=\"https:\/\/scholar.google.com\/citations?user=C7dXlJAAAAAJ&amp;hl=es\" target=\"_blank\" rel=\"noreferrer noopener\">https:\/\/scholar.google.com\/citations?user=C7dXlJAAAAAJ&amp;hl=es<\/a>&nbsp;&nbsp;<a href=\"https:\/\/www.researchgate.net\/profile\/Amalia_Ramirez3\/research\" target=\"_blank\" rel=\"noreferrer noopener\">https:\/\/www.researchgate.net\/profile\/Amalia_Ramirez3\/research<\/a>&nbsp;<\/td><td>UIIM&nbsp;<\/td><\/tr><tr><td><strong>Bulmaro Gonz\u00e1lez Ambrosio<\/strong>&nbsp;Mtro. En Educaci\u00f3n en el campo de formaci\u00f3n intercultural docente.&nbsp;(Doctorante, UIIM)&nbsp;<\/td><td>Estudios de Traducci\u00f3n del espa\u00f1ol al&nbsp;P\u00b4urhepecha&nbsp;y viceversa&nbsp;Recuperaci\u00f3n de saberes tradicionales&nbsp;<\/td><td><a href=\"mailto:bulmaro.gonzalez@uiim.edu.mx\" target=\"_blank\" rel=\"noreferrer noopener\">bulmaro.gonzalez@uiim.edu.mx<\/a>&nbsp;&nbsp;<\/td><td>UIIM&nbsp;<\/td><\/tr><tr><td><strong>Carlos Montalvo Mart\u00ednez<\/strong>&nbsp;Dr. en Antropolog\u00eda por la UNAM.&nbsp;SNII: Candidato&nbsp;<\/td><td>Pr\u00e1cticas culturales e Interculturalidad, Movimientos sociales y&nbsp;&nbsp;Pueblos ind\u00edgenas, antropolog\u00eda jur\u00eddica, organizaci\u00f3n social y&nbsp;producci\u00f3n del espacio para el buen vivir.&nbsp;<\/td><td><a href=\"mailto:mcarlos@uiim.edu.mx\" target=\"_blank\" rel=\"noreferrer noopener\">mcarlos@uiim.edu.mx<\/a>&nbsp;<strong><\/strong>&nbsp;<\/td><td>UIIM&nbsp;<\/td><\/tr><tr><td><strong>Ver\u00f3nica Marlene Correa Flores,<\/strong>&nbsp;Dra. En Ciencias Sociales, UAM,&nbsp;SNII: candidata&nbsp;<\/td><td>Gobernanza y sostenibilidad,&nbsp;&nbsp;Participaci\u00f3n pol\u00edtica&nbsp;<\/td><td><a href=\"mailto:veronica.correa@uiim.edu.mx\" target=\"_blank\" rel=\"noreferrer noopener\">veronica.correa@uiim.edu.mx<\/a>&nbsp;&nbsp;<\/td><td>UIIM&nbsp;<\/td><\/tr><tr><td><strong>Alfredo Guillermo Rajo&nbsp;Serventich,&nbsp;<\/strong>&nbsp;Dr. en Estudios Latinoamericanos, UNAM,&nbsp;SNII: Candidato&nbsp;<\/td><td>Epistemolog\u00eda, teor\u00eda y m\u00e9todo de la historia intercultural&nbsp;Educaci\u00f3n popular, intercultural y vinculaci\u00f3n comunitaria.&nbsp;<\/td><td><strong><\/strong><a href=\"mailto:ralfredo@uiim.edu.mx\" target=\"_blank\" rel=\"noreferrer noopener\">ralfredo@uiim.edu.mx<\/a>&nbsp;&nbsp;<\/td><td>UIIM&nbsp;<\/td><\/tr><tr><td><strong>Mtro. Ulises Julio Fierro Alonso&nbsp;<\/strong>&nbsp;Mtro. en Historia y Etnohistoria por la Escuela Nacional de Antropolog\u00eda e Historia. (doctorante).&nbsp;<\/td><td>Culturas musicales de Michoac\u00e1n;&nbsp;Procesos cognitivos y educativos a trav\u00e9s de las manifestaciones del arte y la vida ritual ind\u00edgena;&nbsp;&nbsp;Cacer\u00eda y manejo socioambiental de la fauna en la comunidad pur\u00e9pecha de&nbsp;pich\u00e1taro.&nbsp;&nbsp;<\/td><td><a href=\"mailto:fulises@uiim.edu.mx\" target=\"_blank\" rel=\"noreferrer noopener\">fulises@uiim.edu.mx<\/a>&nbsp;<\/td><td>UIIM&nbsp;<\/td><\/tr><tr><td><strong>Elpido&nbsp;Jim\u00e9nez Madrigal<\/strong>&nbsp;Dr. en&nbsp;Ciencias en Ingenier\u00eda Mec\u00e1nica por la UMSNH.&nbsp;&nbsp;<\/td><td>Dise\u00f1o mec\u00e1nico, dise\u00f1o de materiales y an\u00e1lisis estad\u00edstico.&nbsp;<\/td><td>&nbsp;elpidio.jimenez@uiim.edu.mx&nbsp;<\/td><td>UIIM&nbsp;<\/td><\/tr><tr><td><strong>Jes\u00fas&nbsp;Janacua&nbsp;Benites&nbsp;<\/strong>&nbsp;Dr. en Desarrollo Rural por la Universidad Aut\u00f3noma Metropolitana-X.&nbsp;<\/td><td>Subjetividad en la conformaci\u00f3n de conflictos socioambientales&nbsp;Nueva ruralidad y&nbsp;desagrarizaci\u00f3n&nbsp;Juventudes rurales en contextos de violencia y&nbsp;agroextractivismo&nbsp;<\/td><td>jjanacuabenites@gmail.com&nbsp;<\/td><td>UIIM&nbsp;<\/td><\/tr><tr><td><strong>Juan Carlos \u00c1lvarez Hern\u00e1ndez<\/strong>&nbsp;Dr. en Ciencias en Producci\u00f3n Agroalimentaria, por el Tecnol\u00f3gico Nacional de M\u00e9xico.&nbsp;SNII: I&nbsp;<\/td><td>Sistemas de producci\u00f3n agr\u00edcola;&nbsp;&nbsp;&nbsp;Producci\u00f3n y protecci\u00f3n vegetal en cultivos hortofrut\u00edcolas y granos b\u00e1sicos.&nbsp;<\/td><td><a href=\"mailto:asesoragronomodr@gmail.com\" target=\"_blank\" rel=\"noreferrer noopener\">asesoragronomodr@gmail.com<\/a>&nbsp;<\/td><td><strong>INIFAP-Apatzing\u00e1n<\/strong>&nbsp;<\/td><\/tr><\/tbody><\/table><\/figure>\n","protected":false},"excerpt":{"rendered":"<p>Se integra por investigadores adscritos a la Universidad Intercultural Ind\u00edgena de Michoac\u00e1n, as\u00ed como investigadores invitados que pertenecen a otras prestigiadas instituciones. A&nbsp;continuaci\u00f3n&nbsp;se citan, agrupados&nbsp;de acuerdo a&nbsp;la terminal que atienden en el posgrado, sus l\u00edneas de investigaci\u00f3n y&nbsp;otros&nbsp;datos.&nbsp; DOCENTE &#8211; INVESTIGADOR&nbsp; LINEAS DE INVESTIGACION&nbsp; CONTACTO&nbsp; ADSCRIP-CION&nbsp; TERMINAL EN RESTAURACI\u00d3N AMBIENTAL&nbsp; &nbsp; Berenice Farf\u00e1n Heredia&nbsp;Dra. en &hellip; <\/p>\n<p class=\"link-more\"><a href=\"https:\/\/uiim.edu.mx\/msdr\/?page_id=187\" class=\"more-link\">Continuar leyendo<span class=\"screen-reader-text\"> \u00abPlan Docente\u00bb<\/span><\/a><\/p>\n","protected":false},"author":1,"featured_media":0,"parent":0,"menu_order":0,"comment_status":"closed","ping_status":"closed","template":"","meta":{"footnotes":""},"class_list":["post-187","page","type-page","status-publish","hentry"],"_links":{"self":[{"href":"https:\/\/uiim.edu.mx\/msdr\/index.php?rest_route=\/wp\/v2\/pages\/187","targetHints":{"allow":["GET"]}}],"collection":[{"href":"https:\/\/uiim.edu.mx\/msdr\/index.php?rest_route=\/wp\/v2\/pages"}],"about":[{"href":"https:\/\/uiim.edu.mx\/msdr\/index.php?rest_route=\/wp\/v2\/types\/page"}],"author":[{"embeddable":true,"href":"https:\/\/uiim.edu.mx\/msdr\/index.php?rest_route=\/wp\/v2\/users\/1"}],"replies":[{"embeddable":true,"href":"https:\/\/uiim.edu.mx\/msdr\/index.php?rest_route=%2Fwp%2Fv2%2Fcomments&post=187"}],"version-history":[{"count":1,"href":"https:\/\/uiim.edu.mx\/msdr\/index.php?rest_route=\/wp\/v2\/pages\/187\/revisions"}],"predecessor-version":[{"id":188,"href":"https:\/\/uiim.edu.mx\/msdr\/index.php?rest_route=\/wp\/v2\/pages\/187\/revisions\/188"}],"wp:attachment":[{"href":"https:\/\/uiim.edu.mx\/msdr\/index.php?rest_route=%2Fwp%2Fv2%2Fmedia&parent=187"}],"curies":[{"name":"wp","href":"https:\/\/api.w.org\/{rel}","templated":true}]}}