{"id":19,"date":"2022-09-13T17:14:05","date_gmt":"2022-09-13T17:14:05","guid":{"rendered":"http:\/\/uiim.edu.mx\/msdr\/?page_id=19"},"modified":"2026-04-01T16:42:34","modified_gmt":"2026-04-01T16:42:34","slug":"objetivos","status":"publish","type":"page","link":"https:\/\/uiim.edu.mx\/msdr\/?page_id=19","title":{"rendered":"Objetivos"},"content":{"rendered":"\n<p>Formar especialistas en una disciplina multidimensional que les permita identificar y analizar problem\u00e1ticas en torno a la sostenibilidad para proponer soluciones con bases te\u00f3ricas y metodol\u00f3gicas con apego a la diversidad biocultural.&nbsp;&nbsp;<\/p>\n\n\n\n<p><strong>Restauraci\u00f3n Ambiental<\/strong>&nbsp;<\/p>\n\n\n\n<p>Adquirir conocimientos, habilidades y actitudes esenciales para identificar, analizar y proponer soluciones a los problemas de deterioro ambiental en la regi\u00f3n y en el pa\u00eds: p\u00e9rdida de biodiversidad, de cobertura vegetal, de calidad y cantidad de agua disponible, del suelo y de calidad del aire; la contaminaci\u00f3n de cuencas; destrucci\u00f3n de humedales; contaminaci\u00f3n y sobreexplotaci\u00f3n de mantos acu\u00edferos, entre otros.&nbsp;<\/p>\n\n\n\n<p><strong>Gesti\u00f3n para el Desarrollo<\/strong>&nbsp;<\/p>\n\n\n\n<p>Adquirir conocimientos, habilidades y actitudes necesarias para integrarse&nbsp;a&nbsp;la gesti\u00f3n para el desarrollo en el \u00e1mbito local, comunitario o regional, con implicaciones en el plano nacional e internacional, considerando elementos del patrimonio biocultural: conocimientos locales, tradiciones, pr\u00e1cticas, lengua, y organizaci\u00f3n social local, con enfoque intercultural.&nbsp;<\/p>\n","protected":false},"excerpt":{"rendered":"<p>Formar especialistas en una disciplina multidimensional que les permita identificar y analizar problem\u00e1ticas en torno a la sostenibilidad para proponer soluciones con bases te\u00f3ricas y metodol\u00f3gicas con apego a la diversidad biocultural.&nbsp;&nbsp; Restauraci\u00f3n Ambiental&nbsp; Adquirir conocimientos, habilidades y actitudes esenciales para identificar, analizar y proponer soluciones a los problemas de deterioro ambiental en la regi\u00f3n &hellip; <\/p>\n<p class=\"link-more\"><a href=\"https:\/\/uiim.edu.mx\/msdr\/?page_id=19\" class=\"more-link\">Continuar leyendo<span class=\"screen-reader-text\"> \u00abObjetivos\u00bb<\/span><\/a><\/p>\n","protected":false},"author":1,"featured_media":0,"parent":0,"menu_order":0,"comment_status":"closed","ping_status":"closed","template":"","meta":{"footnotes":""},"class_list":["post-19","page","type-page","status-publish","hentry"],"_links":{"self":[{"href":"https:\/\/uiim.edu.mx\/msdr\/index.php?rest_route=\/wp\/v2\/pages\/19","targetHints":{"allow":["GET"]}}],"collection":[{"href":"https:\/\/uiim.edu.mx\/msdr\/index.php?rest_route=\/wp\/v2\/pages"}],"about":[{"href":"https:\/\/uiim.edu.mx\/msdr\/index.php?rest_route=\/wp\/v2\/types\/page"}],"author":[{"embeddable":true,"href":"https:\/\/uiim.edu.mx\/msdr\/index.php?rest_route=\/wp\/v2\/users\/1"}],"replies":[{"embeddable":true,"href":"https:\/\/uiim.edu.mx\/msdr\/index.php?rest_route=%2Fwp%2Fv2%2Fcomments&post=19"}],"version-history":[{"count":3,"href":"https:\/\/uiim.edu.mx\/msdr\/index.php?rest_route=\/wp\/v2\/pages\/19\/revisions"}],"predecessor-version":[{"id":174,"href":"https:\/\/uiim.edu.mx\/msdr\/index.php?rest_route=\/wp\/v2\/pages\/19\/revisions\/174"}],"wp:attachment":[{"href":"https:\/\/uiim.edu.mx\/msdr\/index.php?rest_route=%2Fwp%2Fv2%2Fmedia&parent=19"}],"curies":[{"name":"wp","href":"https:\/\/api.w.org\/{rel}","templated":true}]}}