{"id":199,"date":"2026-04-01T17:42:44","date_gmt":"2026-04-01T17:42:44","guid":{"rendered":"https:\/\/uiim.edu.mx\/msdr\/?page_id=199"},"modified":"2026-04-01T17:42:44","modified_gmt":"2026-04-01T17:42:44","slug":"becas","status":"publish","type":"page","link":"https:\/\/uiim.edu.mx\/msdr\/?page_id=199","title":{"rendered":"Becas"},"content":{"rendered":"\n<p>Anualmente la SECIHTI publica&nbsp;la&nbsp;convocatoria para becas&nbsp;nacionales de posgrado, pero corresponde al&nbsp;posgrado notificar a los estudiantes acerca de las fechas y tr\u00e1mites que deben realizar para gestionar dicha beca.&nbsp;<\/p>\n\n\n\n<p>Tambi\u00e9n existen las becas complementarias que otorga&nbsp;la misma SECIHTI, adem\u00e1s de otras instituciones que suelen ofertar&nbsp;apoyos&nbsp;para&nbsp;cursos&nbsp;o actividades&nbsp;afines.&nbsp;Los estudiantes deben estar al pendiente de estos apoyos&nbsp;en las p\u00e1ginas de las instancias que los otorgan.&nbsp;&nbsp;<\/p>\n\n\n\n<p><strong>REGLAMENTOS<\/strong>&nbsp;<\/p>\n\n\n\n<p>REGLAMENTO DE POSGRADO\u00a0descarga aqu\u00ed<\/p>\n\n\n\n<p>REGLAMENTO DE TITULACI\u00d3N\u00a0descarga aqu\u00ed\u00a0<\/p>\n","protected":false},"excerpt":{"rendered":"<p>Anualmente la SECIHTI publica&nbsp;la&nbsp;convocatoria para becas&nbsp;nacionales de posgrado, pero corresponde al&nbsp;posgrado notificar a los estudiantes acerca de las fechas y tr\u00e1mites que deben realizar para gestionar dicha beca.&nbsp; Tambi\u00e9n existen las becas complementarias que otorga&nbsp;la misma SECIHTI, adem\u00e1s de otras instituciones que suelen ofertar&nbsp;apoyos&nbsp;para&nbsp;cursos&nbsp;o actividades&nbsp;afines.&nbsp;Los estudiantes deben estar al pendiente de estos apoyos&nbsp;en las p\u00e1ginas &hellip; <\/p>\n<p class=\"link-more\"><a href=\"https:\/\/uiim.edu.mx\/msdr\/?page_id=199\" class=\"more-link\">Continuar leyendo<span class=\"screen-reader-text\"> \u00abBecas\u00bb<\/span><\/a><\/p>\n","protected":false},"author":1,"featured_media":0,"parent":0,"menu_order":0,"comment_status":"closed","ping_status":"closed","template":"","meta":{"footnotes":""},"class_list":["post-199","page","type-page","status-publish","hentry"],"_links":{"self":[{"href":"https:\/\/uiim.edu.mx\/msdr\/index.php?rest_route=\/wp\/v2\/pages\/199","targetHints":{"allow":["GET"]}}],"collection":[{"href":"https:\/\/uiim.edu.mx\/msdr\/index.php?rest_route=\/wp\/v2\/pages"}],"about":[{"href":"https:\/\/uiim.edu.mx\/msdr\/index.php?rest_route=\/wp\/v2\/types\/page"}],"author":[{"embeddable":true,"href":"https:\/\/uiim.edu.mx\/msdr\/index.php?rest_route=\/wp\/v2\/users\/1"}],"replies":[{"embeddable":true,"href":"https:\/\/uiim.edu.mx\/msdr\/index.php?rest_route=%2Fwp%2Fv2%2Fcomments&post=199"}],"version-history":[{"count":1,"href":"https:\/\/uiim.edu.mx\/msdr\/index.php?rest_route=\/wp\/v2\/pages\/199\/revisions"}],"predecessor-version":[{"id":200,"href":"https:\/\/uiim.edu.mx\/msdr\/index.php?rest_route=\/wp\/v2\/pages\/199\/revisions\/200"}],"wp:attachment":[{"href":"https:\/\/uiim.edu.mx\/msdr\/index.php?rest_route=%2Fwp%2Fv2%2Fmedia&parent=199"}],"curies":[{"name":"wp","href":"https:\/\/api.w.org\/{rel}","templated":true}]}}