{"id":27,"date":"2022-09-13T17:16:21","date_gmt":"2022-09-13T17:16:21","guid":{"rendered":"http:\/\/uiim.edu.mx\/msdr\/?page_id=27"},"modified":"2026-04-01T17:14:23","modified_gmt":"2026-04-01T17:14:23","slug":"modalidad-de-la-ensenanza","status":"publish","type":"page","link":"https:\/\/uiim.edu.mx\/msdr\/?page_id=27","title":{"rendered":"Modalidad de Titulaci\u00f3n"},"content":{"rendered":"\n<p>Para obtener el grado de Maestro o Maestra en&nbsp;<em>Sostenibilidad para el Desarrollo Regional<\/em>&nbsp;es necesario cubrir lo siguiente:&nbsp;&nbsp;<\/p>\n\n\n\n<ol start=\"1\" class=\"wp-block-list\">\n<li>Haber cumplido con los requisitos de permanencia en el posgrado.\u00a0<\/li>\n<\/ol>\n\n\n\n<ol start=\"2\" class=\"wp-block-list\">\n<li>Haber cursado y aprobado el 100% de los cr\u00e9ditos y actividades del plan de estudios.\u00a0<\/li>\n<\/ol>\n\n\n\n<ol start=\"3\" class=\"wp-block-list\">\n<li>Iniciar\u00a0los\u00a0tr\u00e1mites para la obtenci\u00f3n de grado en el cuarto semestre, adem\u00e1s de cubrir los pagos correspondientes.\u00a0<\/li>\n<\/ol>\n\n\n\n<ol start=\"4\" class=\"wp-block-list\">\n<li>Presentar\u00a0y defender\u00a0el trabajo\u00a0recepcional\u00a0con\u00a0apego a una de las siguientes opciones:\u00a0\u00a0<\/li>\n<\/ol>\n\n\n\n<p><strong><em>Tesis:<\/em><\/strong>&nbsp;Representa un trabajo&nbsp;individual&nbsp;escrito,&nbsp;basado en&nbsp;una&nbsp;investigaci\u00f3n de alto rigor metodol\u00f3gico y acad\u00e9mico,&nbsp;que tiene como objetivo sustentar y defender la tesis propuesta, comprobar hip\u00f3tesis y aportar conocimientos, m\u00e9todos e interpretaciones sobre aspectos de una realidad social&nbsp;y\/o ambiental&nbsp;en el campo de las Ciencias de la Sostenibilidad. El estudiante deber\u00e1 establecer&nbsp;su postura y formular planteamientos que puedan tener incidencia en el objeto de estudio de su investigaci\u00f3n. La propuesta de tesis deber\u00e1 centrarse en la investigaci\u00f3n del \u00e1rea de conocimiento&nbsp;propio del estudiante.&nbsp;<\/p>\n\n\n\n<p><strong><em>Proyecto comunitario:<\/em><\/strong>&nbsp;El proyecto comunitario es una investigaci\u00f3n que implica abordar un tema ligado a la sociedad o a un sector, y&nbsp;puede representar una problem\u00e1tica y\/o significar una oportunidad de crecimiento para&nbsp;las&nbsp;personas involucradas o la sociedad en general.&nbsp;<\/p>\n\n\n\n<p>Dicho proyecto implica caracterizar&nbsp;su&nbsp;objeto de estudio y proponer posibles alternativas que, una vez implementadas, ayuden&nbsp;a resolver una problem\u00e1tica&nbsp;definida por&nbsp;objetivos&nbsp;y&nbsp;resultados esperados.&nbsp;Exige&nbsp;una revisi\u00f3n bibliogr\u00e1fica para una mejor contextualizaci\u00f3n y fundamentaci\u00f3n del tema, identificar los beneficiarios, as\u00ed como un mecanismo para lograr el consentimiento informado y la participaci\u00f3n de los involucrados, respetando su contexto y cultura (aspectos \u00e9ticos).&nbsp;Tambi\u00e9n precisa definir una estrategia metodol\u00f3gica que describa&nbsp;de manera puntual c\u00f3mo se implementar\u00e1 el proyecto, estableciendo de qu\u00e9 modo se espera que sea sostenible; por lo que exige&nbsp;una intervenci\u00f3n y vinculaci\u00f3n comunitaria&nbsp;que&nbsp;logre&nbsp;establecer, reorientar o articular estrategias que&nbsp;coadyuven al&nbsp;manejo sostenible del potencial forestal, tur\u00edstico, artesanal, agr\u00edcola, pecuario, gastron\u00f3mico, productivo, cultural, etc., de los sectores sociales donde se desea intervenir.&nbsp;<\/p>\n\n\n\n<p><strong><em>Art\u00edculo indexado:<\/em><\/strong>&nbsp;El Art\u00edculo consiste en un documento con el que el&nbsp;estudiante&nbsp;comunica los resultados, ideas y debates de su investigaci\u00f3n&nbsp;relativa a&nbsp;un problema de sostenibilidad, y bajo la direcci\u00f3n de su tutor. En esta modalidad, el&nbsp;estudiante&nbsp;debe contar con el aval del comit\u00e9 tutor y con el dictamen favorable de su jurado de examen, que determinar\u00e1 que el art\u00edculo tiene la calidad necesaria, que ya est\u00e1 publicado o aprobado por&nbsp;alguna&nbsp;revista.&nbsp;&nbsp;<\/p>\n\n\n\n<p>En las tres modalidades de titulaci\u00f3n, sin excepci\u00f3n,&nbsp;se debe&nbsp;presentar r\u00e9plica oral ante un jurado de examen de grado, el cual deliberar\u00e1 y emitir\u00e1 el dictamen en el acta de examen de grado. Las modalidades deber\u00e1n cumplir con las caracter\u00edsticas se\u00f1aladas en los lineamientos correspondientes.&nbsp;Los lineamientos m\u00e1s precisos para la titulaci\u00f3n se encuentran en el reglamento respectivo.&nbsp;&nbsp;<\/p>\n","protected":false},"excerpt":{"rendered":"<p>Para obtener el grado de Maestro o Maestra en&nbsp;Sostenibilidad para el Desarrollo Regional&nbsp;es necesario cubrir lo siguiente:&nbsp;&nbsp; Tesis:&nbsp;Representa un trabajo&nbsp;individual&nbsp;escrito,&nbsp;basado en&nbsp;una&nbsp;investigaci\u00f3n de alto rigor metodol\u00f3gico y acad\u00e9mico,&nbsp;que tiene como objetivo sustentar y defender la tesis propuesta, comprobar hip\u00f3tesis y aportar conocimientos, m\u00e9todos e interpretaciones sobre aspectos de una realidad social&nbsp;y\/o ambiental&nbsp;en el campo de las &hellip; <\/p>\n<p class=\"link-more\"><a href=\"https:\/\/uiim.edu.mx\/msdr\/?page_id=27\" class=\"more-link\">Continuar leyendo<span class=\"screen-reader-text\"> \u00abModalidad de Titulaci\u00f3n\u00bb<\/span><\/a><\/p>\n","protected":false},"author":1,"featured_media":0,"parent":0,"menu_order":0,"comment_status":"closed","ping_status":"closed","template":"","meta":{"footnotes":""},"class_list":["post-27","page","type-page","status-publish","hentry"],"_links":{"self":[{"href":"https:\/\/uiim.edu.mx\/msdr\/index.php?rest_route=\/wp\/v2\/pages\/27","targetHints":{"allow":["GET"]}}],"collection":[{"href":"https:\/\/uiim.edu.mx\/msdr\/index.php?rest_route=\/wp\/v2\/pages"}],"about":[{"href":"https:\/\/uiim.edu.mx\/msdr\/index.php?rest_route=\/wp\/v2\/types\/page"}],"author":[{"embeddable":true,"href":"https:\/\/uiim.edu.mx\/msdr\/index.php?rest_route=\/wp\/v2\/users\/1"}],"replies":[{"embeddable":true,"href":"https:\/\/uiim.edu.mx\/msdr\/index.php?rest_route=%2Fwp%2Fv2%2Fcomments&post=27"}],"version-history":[{"count":3,"href":"https:\/\/uiim.edu.mx\/msdr\/index.php?rest_route=\/wp\/v2\/pages\/27\/revisions"}],"predecessor-version":[{"id":182,"href":"https:\/\/uiim.edu.mx\/msdr\/index.php?rest_route=\/wp\/v2\/pages\/27\/revisions\/182"}],"wp:attachment":[{"href":"https:\/\/uiim.edu.mx\/msdr\/index.php?rest_route=%2Fwp%2Fv2%2Fmedia&parent=27"}],"curies":[{"name":"wp","href":"https:\/\/api.w.org\/{rel}","templated":true}]}}