{"id":49,"date":"2022-09-13T17:20:53","date_gmt":"2022-09-13T17:20:53","guid":{"rendered":"http:\/\/uiim.edu.mx\/msdr\/?page_id=49"},"modified":"2026-04-01T17:35:06","modified_gmt":"2026-04-01T17:35:06","slug":"convocatoria-vigente","status":"publish","type":"page","link":"https:\/\/uiim.edu.mx\/msdr\/?page_id=49","title":{"rendered":"Convocatoria 2026"},"content":{"rendered":"\n<h1 class=\"wp-block-heading has-text-align-center\"><strong>REQUISITOS DE ADMISI\u00d3N&nbsp;2026<\/strong>&nbsp;<\/h1>\n\n\n\n<p><strong>1era etapa<\/strong>&nbsp;<\/p>\n\n\n\n<p>1.&nbsp;<strong>T\u00edtulo<\/strong>&nbsp;de Licenciatura o Ingenier\u00eda en cualquier disciplina mediante la cual se interese y consiga enfocar su investigaci\u00f3n a la sostenibilidad en alguna de las dos&nbsp;terminales&nbsp;que se ofertan: Restauraci\u00f3n ambiental o Gesti\u00f3n para el desarrollo. (Preferentemente que se haya titulado con tesis, proyecto de desarrollo o art\u00edculo indexado).&nbsp;<\/p>\n\n\n\n<p>2.&nbsp;<strong>Certi\ufb01cado<\/strong>&nbsp;de estudios de licenciatura con promedio igual o superior a 8.0.&nbsp;<\/p>\n\n\n\n<p>3.&nbsp;<strong>C\u00e9dula<\/strong>&nbsp;profesional;&nbsp;<\/p>\n\n\n\n<p>4.&nbsp;<strong>Curriculum<\/strong>&nbsp;vitae actualizado con documentos probatorios;&nbsp;<\/p>\n\n\n\n<p>5. Presentar un&nbsp;<strong>anteproyecto<\/strong>&nbsp;relacionado con una de las dos&nbsp;terminales, extensi\u00f3n de 15 cuartillas aprox. y con la siguiente estructura: t\u00edtulo, planteamiento del problema,&nbsp;justi\ufb01caci\u00f3n, preguntas de investigaci\u00f3n, objetivos, marco te\u00f3rico, metodolog\u00eda, bibliograf\u00eda y cronograma de actividades acoplado a los dos a\u00f1os de estudio. Para elaborar este documento pueden optar por solicitar apoyo contactando al coordinador de este posgrado o a alg\u00fan docente adscrito a la MSDR (ver apartado de N\u00facleo Acad\u00e9mico B\u00e1sico).&nbsp;<\/p>\n\n\n\n<p>6.&nbsp;<strong>Carta de exposici\u00f3n de motivos<\/strong>&nbsp;profesionales y personales de ingreso a la maestr\u00eda;&nbsp;<\/p>\n\n\n\n<p>7.&nbsp;<strong>Carta compromiso<\/strong>&nbsp;de dedicaci\u00f3n de tiempo completo y conclusi\u00f3n satisfactoria de los estudios en tiempo y forma (aportar elementos que apoyen lo dicho y firmado:&nbsp;p.e.&nbsp;no tener compromisos que le limiten, dedicaci\u00f3n, buenos antecedentes, apego a la normatividad correspondiente etc.). en caso de laborar tiempo completo, la beca s\u00f3lo se gestiona mediante documento que garantice su licencia laboral; y para quienes laboren tiempo parcial, pueden solicitar su ingreso sin beca, lo cual se someter\u00e1 a consideraci\u00f3n del Comit\u00e9 de posgrado;&nbsp;(ver sugerencia de carta en la secci\u00f3n correspondiente a FORMATOS);&nbsp;<\/p>\n\n\n\n<p>8.&nbsp;<strong>Dos cartas de recomendaci\u00f3n<\/strong>&nbsp;(formato libre)&nbsp;de investigadores, empresas u OSC cuya actividad est\u00e9 ligada a las tem\u00e1ticas del programa.&nbsp;<\/p>\n\n\n\n<p>9.&nbsp;<strong>Constancia<\/strong>&nbsp;de comprensi\u00f3n de lectura de textos en&nbsp;<strong>ingl\u00e9s<\/strong>&nbsp;(TOEFL o equivalente) con 350 puntos como m\u00ednimo. Si al momento de ingreso no se cuenta con este requisito, se dar\u00e1 una pr\u00f3rroga de un semestre para la entrega, pero se priorizar\u00e1 a quienes cumplan todos los requisitos en tiempo y forma.&nbsp;<\/p>\n\n\n\n<p>10.&nbsp;<strong>Constancia<\/strong>&nbsp;de acreditaci\u00f3n de examen CENEVAL-<strong>EXANI III<\/strong>&nbsp;con promedio de 850 puntos en: pensamiento matem\u00e1tico, pensamiento anal\u00edtico, estructura de la lengua y comprensi\u00f3n lectora. Si al momento de ingreso no se cuenta con este requisito, se dar\u00e1 una pr\u00f3rroga de un semestre para su entrega, pero se priorizar\u00e1 a quienes cumplan todos los requisitos en tiempo y forma.&nbsp;<\/p>\n\n\n\n<p>11.&nbsp;<strong>Carta de liberaci\u00f3n<\/strong>&nbsp;de CONAHCYT&nbsp;(s\u00f3lo&nbsp;para personas que hayan sido beneficiadas con una beca de esa instancia).&nbsp;<\/p>\n\n\n\n<p>12. Trabajo de titulaci\u00f3n en digital: tesis, proyecto de desarrollo o art\u00edculo publicado.&nbsp;&nbsp;<\/p>\n\n\n\n<p><strong>2a etapa&nbsp;<\/strong>(para quienes cumplan satisfactoriamente la primera)&nbsp;<\/p>\n\n\n\n<p>13. Asistir y&nbsp;aprobar con un m\u00ednimo de 8.0 el&nbsp;<strong>curso proped\u00e9utico<\/strong>&nbsp;que se ofrece.&nbsp;<\/p>\n\n\n\n<p><strong>3\u00aa etapa&nbsp;<\/strong>(para quienes hayan superado las etapas anteriores).&nbsp;<\/p>\n\n\n\n<p>14. Presentar y defender el anteproyecto ante un Comit\u00e9 Acad\u00e9mico y aprobar la&nbsp;<strong>entrevista<\/strong>&nbsp;con el mismo.&nbsp;&nbsp;<\/p>\n\n\n\n<p>Presentar un examen psicom\u00e9trico aplicado por la UIIM. En su momento se indicar\u00e1 la fecha y lugar.&nbsp;<\/p>\n\n\n\n<p>NOTA: toda falsedad en la informaci\u00f3n proporcionada ser\u00e1 sancionada&nbsp;en correspondencia con la gravedad de la falta.&nbsp;<\/p>\n\n\n\n<p><strong>Los aspirantes extranjeros<\/strong>, adem\u00e1s de los requisitos acad\u00e9micos e institucionales se\u00f1alados, deber\u00e1n presentar en f\u00edsico y digital:&nbsp;<\/p>\n\n\n\n<ul class=\"wp-block-list\">\n<li>La autorizaci\u00f3n migratoria correspondiente;\u00a0<\/li>\n<\/ul>\n\n\n\n<ul class=\"wp-block-list\">\n<li>Constancia de\u00a0dominio del idioma espa\u00f1ol cuando su lengua materna sea otra;\u00a0<\/li>\n<\/ul>\n\n\n\n<ul class=\"wp-block-list\">\n<li>Certificaci\u00f3n mexicana de los documentos legales (t\u00edtulo, c\u00e9dula, etc.).\u00a0<\/li>\n<\/ul>\n\n\n\n<p><strong>FINANCIACI\u00d3N<\/strong>&nbsp;<\/p>\n\n\n\n<ul class=\"wp-block-list\">\n<li>Los aspirantes aceptados pueden optar por solicitar una beca de la Secretar\u00eda de Ciencia, Humanidades, Tecnolog\u00eda e Innovaci\u00f3n (SECIHTI);\u00a0\u00a0<\/li>\n<\/ul>\n\n\n\n<ul class=\"wp-block-list\">\n<li>deber\u00e1n cubrir una cuota de inscripci\u00f3n (cada semestre\u00a0se\u00a0paga el equivalente a la mitad de una mensualidad de beca\u00a0SECIHTI);\u00a0<\/li>\n<\/ul>\n\n\n\n<ul class=\"wp-block-list\">\n<li>es posible solicitar ingreso al posgrado sin beca\u00a0(debe indicarlo en la carta de motivos).\u00a0<\/li>\n<\/ul>\n\n\n\n<p><strong>FECHAS IMPORTANTES (2026)<\/strong>&nbsp;<\/p>\n\n\n\n<p>\u2022 Recepci\u00f3n de documentos:\u202f20 de abril al 29 de mayo de 2026;&nbsp;<\/p>\n\n\n\n<p>\u2022 Curso proped\u00e9utico (presencial):\u202fdel 15 de junio al 03 de julio;&nbsp;<\/p>\n\n\n\n<p>\u2022 Entrevista con el comit\u00e9 acad\u00e9mico: 08 &#8211; 10 de julio;&nbsp;<\/p>\n\n\n\n<p>\u2022 Publicaci\u00f3n de resultados: 14 de julio;&nbsp;<\/p>\n\n\n\n<p>\u2022 Inscripci\u00f3n de aspirantes aceptados: 17 y 18 de agosto;&nbsp;<\/p>\n\n\n\n<p>Inicio de clases: 24 de agosto de 2026.&nbsp;<\/p>\n\n\n\n<p><strong>INFORMES Y TR\u00c1MITES:<\/strong>&nbsp;<\/p>\n\n\n\n<p>\u2022&nbsp;<strong>Entrega de documentos<\/strong>: todos los documentos se env\u00edan&nbsp;escaneados en un solo archivo&nbsp;pdf&nbsp;al correo de la coordinaci\u00f3n&nbsp;<a href=\"mailto:coord.msdr@uiim.edu.mx\" target=\"_blank\" rel=\"noreferrer noopener\">coord.msdr@uiim.edu.mx<\/a>, rigurosamente en el orden establecido. La falta de cualquier documento, desorden en su integraci\u00f3n, mala calidad de la digitalizaci\u00f3n o env\u00edos en m\u00e1s de un archivo no ser\u00e1n considerados, sin excepci\u00f3n&nbsp;(no se admiten fotos&nbsp;de documentos, impera escanear).&nbsp;Al no&nbsp;recibir acuse de recibido&nbsp;en tres d\u00edas h\u00e1biles, ex\u00edjalo por correo.&nbsp;<\/p>\n\n\n\n<p>Atenci\u00f3n para dudas: escribir al correo de la coordinaci\u00f3n, mismo al que se puede solicitar una cita en persona.&nbsp;&nbsp;<\/p>\n\n\n\n<p>Coordinaci\u00f3n del posgrado MSDR: Universidad Intercultural ind\u00edgena de Michoac\u00e1n, Plantel&nbsp;Kanankhio,&nbsp;Pich\u00e1taro, o en oficinas de P\u00e1tzcuaro, en Finca la&nbsp;Tsipekua: carretera P\u00e1tzcuaro-Huecorio, km. 3, s\/n,&nbsp;Huecorio, Michoac\u00e1n.&nbsp;<\/p>\n\n\n\n<p>\u2022 P\u00e1gina web:\u202f<a href=\"http:\/\/www.uiim.edu.mx\/\" target=\"_blank\" rel=\"noreferrer noopener\">www.uiim.edu.mx<\/a>&nbsp;<\/p>\n\n\n\n<p>\u2022 Facebook: Universidad Intercultural Ind\u00edgena de Michoac\u00e1n \u2013 UIIM&nbsp;<\/p>\n\n\n\n<p>\u2022&nbsp;Mayor informaci\u00f3n&nbsp;con el coordinador del posgrado: Dr. Eric Mercado Arias&nbsp;<a href=\"mailto:coord.msdr@uiim.edu.mx\" target=\"_blank\" rel=\"noreferrer noopener\">coord.msdr@uiim.edu.mx<\/a>&nbsp;<\/p>\n\n\n\n<p>\u2022&nbsp;Whatsapp&nbsp;de atenci\u00f3n general: 443 379 17 12&nbsp;<\/p>\n\n\n\n<p>\u2022 Descarga\u202f<a href=\"http:\/\/uiim.edu.mx\/msdr\/wp-content\/uploads\/2023\/03\/msdr-cartel-reducido-para-web.pdf\" target=\"_blank\" rel=\"noreferrer noopener\">aqu\u00ed<\/a>\u202fla convocatoria.&nbsp;<\/p>\n\n\n\n<p><\/p>\n","protected":false},"excerpt":{"rendered":"<p>REQUISITOS DE ADMISI\u00d3N&nbsp;2026&nbsp; 1era etapa&nbsp; 1.&nbsp;T\u00edtulo&nbsp;de Licenciatura o Ingenier\u00eda en cualquier disciplina mediante la cual se interese y consiga enfocar su investigaci\u00f3n a la sostenibilidad en alguna de las dos&nbsp;terminales&nbsp;que se ofertan: Restauraci\u00f3n ambiental o Gesti\u00f3n para el desarrollo. (Preferentemente que se haya titulado con tesis, proyecto de desarrollo o art\u00edculo indexado).&nbsp; 2.&nbsp;Certi\ufb01cado&nbsp;de estudios de &hellip; <\/p>\n<p class=\"link-more\"><a href=\"https:\/\/uiim.edu.mx\/msdr\/?page_id=49\" class=\"more-link\">Continuar leyendo<span class=\"screen-reader-text\"> \u00abConvocatoria 2026\u00bb<\/span><\/a><\/p>\n","protected":false},"author":1,"featured_media":0,"parent":0,"menu_order":0,"comment_status":"closed","ping_status":"closed","template":"","meta":{"footnotes":""},"class_list":["post-49","page","type-page","status-publish","hentry"],"_links":{"self":[{"href":"https:\/\/uiim.edu.mx\/msdr\/index.php?rest_route=\/wp\/v2\/pages\/49","targetHints":{"allow":["GET"]}}],"collection":[{"href":"https:\/\/uiim.edu.mx\/msdr\/index.php?rest_route=\/wp\/v2\/pages"}],"about":[{"href":"https:\/\/uiim.edu.mx\/msdr\/index.php?rest_route=\/wp\/v2\/types\/page"}],"author":[{"embeddable":true,"href":"https:\/\/uiim.edu.mx\/msdr\/index.php?rest_route=\/wp\/v2\/users\/1"}],"replies":[{"embeddable":true,"href":"https:\/\/uiim.edu.mx\/msdr\/index.php?rest_route=%2Fwp%2Fv2%2Fcomments&post=49"}],"version-history":[{"count":15,"href":"https:\/\/uiim.edu.mx\/msdr\/index.php?rest_route=\/wp\/v2\/pages\/49\/revisions"}],"predecessor-version":[{"id":198,"href":"https:\/\/uiim.edu.mx\/msdr\/index.php?rest_route=\/wp\/v2\/pages\/49\/revisions\/198"}],"wp:attachment":[{"href":"https:\/\/uiim.edu.mx\/msdr\/index.php?rest_route=%2Fwp%2Fv2%2Fmedia&parent=49"}],"curies":[{"name":"wp","href":"https:\/\/api.w.org\/{rel}","templated":true}]}}