{"id":53,"date":"2022-09-13T17:21:37","date_gmt":"2022-09-13T17:21:37","guid":{"rendered":"http:\/\/uiim.edu.mx\/msdr\/?page_id=53"},"modified":"2026-04-01T17:27:51","modified_gmt":"2026-04-01T17:27:51","slug":"proyectos-vigentes","status":"publish","type":"page","link":"https:\/\/uiim.edu.mx\/msdr\/?page_id=53","title":{"rendered":"Proyectos"},"content":{"rendered":"\n<p>Morales Alonso&nbsp;Roxette, Diagn\u00f3stico social, ambiental y econ\u00f3mico para el establecimiento de un centro de atenci\u00f3n comunitaria sostenible en San Jer\u00f3nimo&nbsp;Purench\u00e9cuaro, Michoac\u00e1n.&nbsp;<\/p>\n\n\n\n<p>Contreras Barajas&nbsp;Its\u00ef&nbsp;V., Conservaci\u00f3n&nbsp;in situ y ex situ de ma\u00edz nativo y arvenses comestibles de las milpas de&nbsp;Pich\u00e1taro, Michoac\u00e1n.&nbsp;<\/p>\n\n\n\n<p>Torres Ascencio&nbsp;Betsi&nbsp;Er\u00e9ndira, Producci\u00f3n&nbsp;agroecol\u00f3gica de ma\u00edz y&nbsp;ses\u00ef&nbsp;irekani&nbsp;en Cher\u00e1n, Michoac\u00e1n.&nbsp;<\/p>\n\n\n\n<p>Crist\u00f3bal Espinosa&nbsp;Fernando, Diagn\u00f3stico&nbsp;y documentaci\u00f3n de la pr\u00e1ctica del&nbsp;t\u00e9mpini&nbsp;iumu&nbsp;en la comunidad de&nbsp;Tir\u00edndaro,&nbsp;Mich.&nbsp;<\/p>\n\n\n\n<p>Garc\u00eda Calvillo&nbsp;Daniela, Propagaci\u00f3n&nbsp;de Tilia americana variedad mexicana para el restablecimiento de poblaciones naturales.&nbsp;&nbsp;<\/p>\n\n\n\n<p>Olivo G\u00f3mez&nbsp;Santiago, Diagn\u00f3stico&nbsp;de la producci\u00f3n y uso de ma\u00edces nativos en el municipio de P\u00e1tzcuaro, Michoac\u00e1n, M\u00e9xico.&nbsp;&nbsp;<\/p>\n\n\n\n<p>Vel\u00e1zquez Fabi\u00e1n Cinthya&nbsp;Iv\u00f3n, Participaci\u00f3n&nbsp;pol\u00edtica de las mujeres bajo el sistema de usos y costumbres en la comunidad ind\u00edgena de Cher\u00e1n&nbsp;Keri,&nbsp;Mich. 2012-2026.&nbsp;<\/p>\n\n\n\n<p>Valdovinos Garc\u00eda&nbsp;Giovana, Implicaciones ambientales y socioculturales de la p\u00e9rdida del&nbsp;ekuarhu&nbsp;en los hogares de la comunidad pur\u00e9pecha de San Francisco&nbsp;Pich\u00e1taro. &nbsp;<\/p>\n\n\n\n<p>Guti\u00e9rrez Reyes&nbsp;Perla, Gesti\u00f3n&nbsp;de conocimientos agr\u00edcolas sostenibles por medio de la implementaci\u00f3n de un huerto educativo en la comunidad ind\u00edgena de Ihuatzio.&nbsp;<\/p>\n\n\n\n<p>L\u00f3pez Florentino&nbsp;Itzel, Evaluaci\u00f3n&nbsp;del dise\u00f1o, gesti\u00f3n y administraci\u00f3n de proyectos destinados a la sostenibilidad en la isla de Janitzio (2016 -2024).&nbsp;<\/p>\n\n\n\n<p>Rangel Garc\u00eda&nbsp;Alicia, Recuperaci\u00f3n&nbsp;de saberes y experiencias sobre gesti\u00f3n menstrual en el pueblo&nbsp;purh\u00e9pecha.&nbsp;<\/p>\n\n\n\n<p>Mart\u00ednez T\u00e9llez Andr\u00e9s&nbsp;Valent\u00edn, Pl\u00e1ntulas&nbsp;de&nbsp;pinus&nbsp;pseudostrobus&nbsp;lindl&nbsp;inoculadas en el vivero comunitario de Cher\u00e1n, Michoac\u00e1n: bases ecol\u00f3gicas para implementar pr\u00e1cticas&nbsp;micoforestales.&nbsp;<\/p>\n\n\n\n<p>Guerrero Caro Martha&nbsp;Atziri, Incidencia social y educativa del proceso agroecol\u00f3gico aplicado en el huerto demostrativo&nbsp;Juchari&nbsp;Echeri&nbsp;en el municipio de Paracho, Michoac\u00e1n.&nbsp;<\/p>\n\n\n\n<p>Romero Sep\u00falveda&nbsp;Leonardo, Diagn\u00f3stico&nbsp;para la gesti\u00f3n de los RSU en el fraccionamiento villas del pedregal de morelia,&nbsp;Mich.&nbsp;<\/p>\n\n\n\n<p>Fern\u00e1ndez&nbsp;Tapia&nbsp;Iv\u00e1n, Producciones&nbsp;audiovisuales como herramienta de aprendizaje entre estudiantes de DS de&nbsp;Kanankhio.&nbsp;&nbsp;<\/p>\n\n\n\n<p>Jacobo&nbsp;Escamilla&nbsp;Greis&nbsp;Guadalupe, Pr\u00e1cticas&nbsp;de manejo en las poblaciones de Laurel (Litsea&nbsp;glaucescens, Kunth,&nbsp;Lauraceae) en la comunidad ind\u00edgena de Santiago Tingambato, Michoac\u00e1n.&nbsp;<\/p>\n","protected":false},"excerpt":{"rendered":"<p>Morales Alonso&nbsp;Roxette, Diagn\u00f3stico social, ambiental y econ\u00f3mico para el establecimiento de un centro de atenci\u00f3n comunitaria sostenible en San Jer\u00f3nimo&nbsp;Purench\u00e9cuaro, Michoac\u00e1n.&nbsp; Contreras Barajas&nbsp;Its\u00ef&nbsp;V., Conservaci\u00f3n&nbsp;in situ y ex situ de ma\u00edz nativo y arvenses comestibles de las milpas de&nbsp;Pich\u00e1taro, Michoac\u00e1n.&nbsp; Torres Ascencio&nbsp;Betsi&nbsp;Er\u00e9ndira, Producci\u00f3n&nbsp;agroecol\u00f3gica de ma\u00edz y&nbsp;ses\u00ef&nbsp;irekani&nbsp;en Cher\u00e1n, Michoac\u00e1n.&nbsp; Crist\u00f3bal Espinosa&nbsp;Fernando, Diagn\u00f3stico&nbsp;y documentaci\u00f3n de la pr\u00e1ctica del&nbsp;t\u00e9mpini&nbsp;iumu&nbsp;en &hellip; <\/p>\n<p class=\"link-more\"><a href=\"https:\/\/uiim.edu.mx\/msdr\/?page_id=53\" class=\"more-link\">Continuar leyendo<span class=\"screen-reader-text\"> \u00abProyectos\u00bb<\/span><\/a><\/p>\n","protected":false},"author":1,"featured_media":0,"parent":0,"menu_order":0,"comment_status":"closed","ping_status":"closed","template":"","meta":{"footnotes":""},"class_list":["post-53","page","type-page","status-publish","hentry"],"_links":{"self":[{"href":"https:\/\/uiim.edu.mx\/msdr\/index.php?rest_route=\/wp\/v2\/pages\/53","targetHints":{"allow":["GET"]}}],"collection":[{"href":"https:\/\/uiim.edu.mx\/msdr\/index.php?rest_route=\/wp\/v2\/pages"}],"about":[{"href":"https:\/\/uiim.edu.mx\/msdr\/index.php?rest_route=\/wp\/v2\/types\/page"}],"author":[{"embeddable":true,"href":"https:\/\/uiim.edu.mx\/msdr\/index.php?rest_route=\/wp\/v2\/users\/1"}],"replies":[{"embeddable":true,"href":"https:\/\/uiim.edu.mx\/msdr\/index.php?rest_route=%2Fwp%2Fv2%2Fcomments&post=53"}],"version-history":[{"count":2,"href":"https:\/\/uiim.edu.mx\/msdr\/index.php?rest_route=\/wp\/v2\/pages\/53\/revisions"}],"predecessor-version":[{"id":191,"href":"https:\/\/uiim.edu.mx\/msdr\/index.php?rest_route=\/wp\/v2\/pages\/53\/revisions\/191"}],"wp:attachment":[{"href":"https:\/\/uiim.edu.mx\/msdr\/index.php?rest_route=%2Fwp%2Fv2%2Fmedia&parent=53"}],"curies":[{"name":"wp","href":"https:\/\/api.w.org\/{rel}","templated":true}]}}