{"id":1346,"date":"2021-09-28T19:58:14","date_gmt":"2021-09-28T19:58:14","guid":{"rendered":"http:\/\/65.99.225.254\/~uiimedu?page_id=1346"},"modified":"2022-09-07T14:36:19","modified_gmt":"2022-09-07T14:36:19","slug":"perfiles-arte-y-patrimonio-cultural","status":"publish","type":"page","link":"https:\/\/uiim.edu.mx\/prueba\/?page_id=1346","title":{"rendered":"Perfiles Arte y Patrimonio Cultural"},"content":{"rendered":"<ul>\n<li><a href=\"https:\/\/uiim.edu.mx\/prueba\/wp-content\/uploads\/2022\/09\/DRA-AMALIA.pdf\" target=\"_blank\" rel=\"noopener\">DRA. AMALIA RAM\u00cdREZ GARAYZAR<\/a><\/li>\n<li><a href=\"https:\/\/uiim.edu.mx\/prueba\/wp-content\/uploads\/2022\/09\/CARLOS-MONTALVO.pdf\" target=\"_blank\" rel=\"noopener\">DR. CARLOS MONTALVO MART\u00cdNEZ<\/a><\/li>\n<li><a href=\"https:\/\/uiim.edu.mx\/prueba\/wp-content\/uploads\/2022\/09\/dra-eva-maria-garrido.pdf\" target=\"_blank\" rel=\"noopener\">DRA. EVA MAR\u00cdA GARRIDO IZAGUIRRE<\/a><\/li>\n<\/ul>\n\n\n<p><\/p>\n","protected":false},"excerpt":{"rendered":"<p>DRA. AMALIA RAM\u00cdREZ GARAYZAR DR. CARLOS MONTALVO MART\u00cdNEZ DRA. EVA MAR\u00cdA GARRIDO IZAGUIRRE<\/p>\n","protected":false},"author":3,"featured_media":0,"parent":0,"menu_order":0,"comment_status":"closed","ping_status":"closed","template":"","meta":{"footnotes":""},"class_list":["post-1346","page","type-page","status-publish","hentry"],"blocksy_meta":[],"_links":{"self":[{"href":"https:\/\/uiim.edu.mx\/prueba\/index.php?rest_route=\/wp\/v2\/pages\/1346","targetHints":{"allow":["GET"]}}],"collection":[{"href":"https:\/\/uiim.edu.mx\/prueba\/index.php?rest_route=\/wp\/v2\/pages"}],"about":[{"href":"https:\/\/uiim.edu.mx\/prueba\/index.php?rest_route=\/wp\/v2\/types\/page"}],"author":[{"embeddable":true,"href":"https:\/\/uiim.edu.mx\/prueba\/index.php?rest_route=\/wp\/v2\/users\/3"}],"replies":[{"embeddable":true,"href":"https:\/\/uiim.edu.mx\/prueba\/index.php?rest_route=%2Fwp%2Fv2%2Fcomments&post=1346"}],"version-history":[{"count":4,"href":"https:\/\/uiim.edu.mx\/prueba\/index.php?rest_route=\/wp\/v2\/pages\/1346\/revisions"}],"predecessor-version":[{"id":2247,"href":"https:\/\/uiim.edu.mx\/prueba\/index.php?rest_route=\/wp\/v2\/pages\/1346\/revisions\/2247"}],"wp:attachment":[{"href":"https:\/\/uiim.edu.mx\/prueba\/index.php?rest_route=%2Fwp%2Fv2%2Fmedia&parent=1346"}],"curies":[{"name":"wp","href":"https:\/\/api.w.org\/{rel}","templated":true}]}}